{"id":147,"date":"2023-12-29T11:18:13","date_gmt":"2023-12-29T14:18:13","guid":{"rendered":"https:\/\/iracemadigital.com.br\/planetajovem2\/?page_id=147"},"modified":"2024-05-01T13:34:08","modified_gmt":"2024-05-01T16:34:08","slug":"jambor","status":"publish","type":"page","link":"https:\/\/pirambuinnovation.com.br\/planetajovem2\/jambor\/","title":{"rendered":"Jambor"},"content":{"rendered":"<p>[et_pb_section fb_built=&#8221;1&#8243; admin_label=&#8221;section&#8221; _builder_version=&#8221;4.23.4&#8243; background_color=&#8221;RGBA(255,255,255,0)&#8221; custom_css_main_element=&#8221;background-color: transparent !important;&#8221; locked=&#8221;off&#8221; global_colors_info=&#8221;{}&#8221;][et_pb_row column_structure=&#8221;1_2,1_2&#8243; admin_label=&#8221;row&#8221; _builder_version=&#8221;4.16&#8243; background_size=&#8221;initial&#8221; background_position=&#8221;top_left&#8221; background_repeat=&#8221;repeat&#8221; locked=&#8221;off&#8221; global_colors_info=&#8221;{}&#8221;][et_pb_column type=&#8221;1_2&#8243; _builder_version=&#8221;4.16&#8243; custom_padding=&#8221;|||&#8221; global_colors_info=&#8221;{}&#8221; custom_padding__hover=&#8221;|||&#8221;][et_pb_text _builder_version=&#8221;4.18.0&#8243; _module_preset=&#8221;default&#8221; header_2_text_color=&#8221;#FFFFFF&#8221; header_2_line_height=&#8221;1.3em&#8221; global_colors_info=&#8221;{}&#8221;]<\/p>\n<h2>\u00c9 um pa\u00eds vizinho a Jakkar e de grandes florestas e riquezas naturais, como cachoeiras e grutas. A invas\u00e3o dessas terras est\u00e1 deixando devasta\u00e7\u00e3o. Pautas como <strong>Meio Ambiente e Sustentabilidade<\/strong> s\u00e3o urgentes por aqui. <\/h2>\n<p>[\/et_pb_text][\/et_pb_column][et_pb_column type=&#8221;1_2&#8243; _builder_version=&#8221;4.16&#8243; custom_padding=&#8221;|||&#8221; global_colors_info=&#8221;{}&#8221; custom_padding__hover=&#8221;|||&#8221;][et_pb_image src=&#8221;https:\/\/pirambuinnovation.com.br\/planetajovem\/wp-content\/uploads\/sites\/4\/2022\/09\/jambor.png&#8221; title_text=&#8221;jambor&#8221; _builder_version=&#8221;4.18.0&#8243; _module_preset=&#8221;default&#8221; global_colors_info=&#8221;{}&#8221;][\/et_pb_image][\/et_pb_column][\/et_pb_row][et_pb_row _builder_version=&#8221;4.18.0&#8243; _module_preset=&#8221;default&#8221; locked=&#8221;off&#8221; global_colors_info=&#8221;{}&#8221;][et_pb_column type=&#8221;4_4&#8243; _builder_version=&#8221;4.18.0&#8243; _module_preset=&#8221;default&#8221; global_colors_info=&#8221;{}&#8221;][et_pb_image src=&#8221;https:\/\/pirambuinnovation.com.br\/planetajovem2\/wp-content\/uploads\/sites\/7\/2024\/04\/Jambor.jpg&#8221; title_text=&#8221;Jambor&#8221; _builder_version=&#8221;4.25.0&#8243; _module_preset=&#8221;default&#8221; locked=&#8221;off&#8221; global_colors_info=&#8221;{}&#8221;][\/et_pb_image][et_pb_text _builder_version=&#8221;4.16&#8243; _module_preset=&#8221;default&#8221; text_font=&#8221;||||||||&#8221; header_font=&#8221;||||||||&#8221; header_text_color=&#8221;#ed00b9&#8243; header_2_font=&#8221;Titillium Web|700|||||||&#8221; header_2_text_color=&#8221;#d300ef&#8221; header_2_font_size=&#8221;44px&#8221; header_2_letter_spacing=&#8221;2px&#8221; header_2_line_height=&#8221;1.3em&#8221; text_orientation=&#8221;center&#8221; background_layout=&#8221;dark&#8221; header_2_font_size_tablet=&#8221;&#8221; header_2_font_size_phone=&#8221;28px&#8221; header_2_font_size_last_edited=&#8221;on|phone&#8221; locked=&#8221;off&#8221; global_colors_info=&#8221;{}&#8221;]<\/p>\n<h2>CONHE\u00c7A O PA\u00cdS<\/h2>\n<p>[\/et_pb_text][et_pb_gallery gallery_ids=&#8221;330,331,329,327,328,349,348,347,346,345,344,343,337,336,335,334,333,332,326,325,324,323,322,321,320,319,318,317,316,315,314,313,312,311,310,309,308&#8243; posts_number=&#8221;99&#8243; show_title_and_caption=&#8221;off&#8221; show_pagination=&#8221;off&#8221; _builder_version=&#8221;4.25.0&#8243; _module_preset=&#8221;default&#8221; hover_enabled=&#8221;0&#8243; global_colors_info=&#8221;{}&#8221; sticky_enabled=&#8221;0&#8243;][\/et_pb_gallery][et_pb_text _builder_version=&#8221;4.16&#8243; _module_preset=&#8221;default&#8221; text_font=&#8221;||||||||&#8221; header_font=&#8221;||||||||&#8221; header_text_color=&#8221;#ed00b9&#8243; header_2_font=&#8221;Titillium Web|700|||||||&#8221; header_2_text_color=&#8221;#d300ef&#8221; header_2_font_size=&#8221;44px&#8221; header_2_letter_spacing=&#8221;2px&#8221; header_2_line_height=&#8221;1.3em&#8221; text_orientation=&#8221;center&#8221; background_layout=&#8221;dark&#8221; header_2_font_size_tablet=&#8221;&#8221; header_2_font_size_phone=&#8221;28px&#8221; header_2_font_size_last_edited=&#8221;on|phone&#8221; locked=&#8221;off&#8221; global_colors_info=&#8221;{}&#8221;]<\/p>\n<h2>A\u00c7\u00d5ES DO PA\u00cdS<\/h2>\n<p>[\/et_pb_text][et_pb_gallery _builder_version=&#8221;4.25.0&#8243; _module_preset=&#8221;default&#8221; gallery_ids=&#8221;339,338,342,341,340&#8243; posts_number=&#8221;99&#8243; show_title_and_caption=&#8221;off&#8221; show_pagination=&#8221;off&#8221; hover_enabled=&#8221;0&#8243; sticky_enabled=&#8221;0&#8243;][\/et_pb_gallery][\/et_pb_column][\/et_pb_row][\/et_pb_section]<\/p>\n","protected":false},"excerpt":{"rendered":"<p>\u00c9 um pa\u00eds vizinho a Jakkar e de grandes florestas e riquezas naturais, como cachoeiras e grutas. A invas\u00e3o dessas terras est\u00e1 deixando devasta\u00e7\u00e3o. Pautas como Meio Ambiente e Sustentabilidade s\u00e3o urgentes por aqui. CONHE\u00c7A O PA\u00cdSA\u00c7\u00d5ES DO PA\u00cdS<\/p>\n","protected":false},"author":1,"featured_media":0,"parent":0,"menu_order":0,"comment_status":"closed","ping_status":"closed","template":"","meta":{"_et_pb_use_builder":"on","_et_pb_old_content":"","_et_gb_content_width":"","footnotes":""},"class_list":["post-147","page","type-page","status-publish","hentry"],"yoast_head":"<!-- This site is optimized with the Yoast SEO plugin v26.9 - https:\/\/yoast.com\/product\/yoast-seo-wordpress\/ -->\n<title>Jambor - Planeta Jovem 2<\/title>\n<meta name=\"robots\" content=\"index, follow, max-snippet:-1, max-image-preview:large, max-video-preview:-1\" \/>\n<link rel=\"canonical\" href=\"https:\/\/pirambuinnovation.com.br\/planetajovem2\/jambor\/\" \/>\n<meta property=\"og:locale\" content=\"pt_BR\" \/>\n<meta property=\"og:type\" content=\"article\" \/>\n<meta property=\"og:title\" content=\"Jambor - Planeta Jovem 2\" \/>\n<meta property=\"og:description\" content=\"\u00c9 um pa\u00eds vizinho a Jakkar e de grandes florestas e riquezas naturais, como cachoeiras e grutas. A invas\u00e3o dessas terras est\u00e1 deixando devasta\u00e7\u00e3o. Pautas como Meio Ambiente e Sustentabilidade s\u00e3o urgentes por aqui. CONHE\u00c7A O PA\u00cdSA\u00c7\u00d5ES DO PA\u00cdS\" \/>\n<meta property=\"og:url\" content=\"https:\/\/pirambuinnovation.com.br\/planetajovem2\/jambor\/\" \/>\n<meta property=\"og:site_name\" content=\"Planeta Jovem 2\" \/>\n<meta property=\"article:modified_time\" content=\"2024-05-01T16:34:08+00:00\" \/>\n<meta name=\"twitter:card\" content=\"summary_large_image\" \/>\n<meta name=\"twitter:label1\" content=\"Est. tempo de leitura\" \/>\n\t<meta name=\"twitter:data1\" content=\"10 minutos\" \/>\n<script type=\"application\/ld+json\" class=\"yoast-schema-graph\">{\"@context\":\"https:\/\/schema.org\",\"@graph\":[{\"@type\":\"WebPage\",\"@id\":\"https:\/\/pirambuinnovation.com.br\/planetajovem2\/jambor\/\",\"url\":\"https:\/\/pirambuinnovation.com.br\/planetajovem2\/jambor\/\",\"name\":\"Jambor - Planeta Jovem 2\",\"isPartOf\":{\"@id\":\"https:\/\/pirambuinnovation.com.br\/planetajovem2\/#website\"},\"datePublished\":\"2023-12-29T14:18:13+00:00\",\"dateModified\":\"2024-05-01T16:34:08+00:00\",\"breadcrumb\":{\"@id\":\"https:\/\/pirambuinnovation.com.br\/planetajovem2\/jambor\/#breadcrumb\"},\"inLanguage\":\"pt-BR\",\"potentialAction\":[{\"@type\":\"ReadAction\",\"target\":[\"https:\/\/pirambuinnovation.com.br\/planetajovem2\/jambor\/\"]}]},{\"@type\":\"BreadcrumbList\",\"@id\":\"https:\/\/pirambuinnovation.com.br\/planetajovem2\/jambor\/#breadcrumb\",\"itemListElement\":[{\"@type\":\"ListItem\",\"position\":1,\"name\":\"In\u00edcio\",\"item\":\"https:\/\/pirambuinnovation.com.br\/planetajovem2\/\"},{\"@type\":\"ListItem\",\"position\":2,\"name\":\"Jambor\"}]},{\"@type\":\"WebSite\",\"@id\":\"https:\/\/pirambuinnovation.com.br\/planetajovem2\/#website\",\"url\":\"https:\/\/pirambuinnovation.com.br\/planetajovem2\/\",\"name\":\"Planeta Jovem 2\",\"description\":\"Programa de desenvolvimento de compet\u00eancias para Jovens\",\"potentialAction\":[{\"@type\":\"SearchAction\",\"target\":{\"@type\":\"EntryPoint\",\"urlTemplate\":\"https:\/\/pirambuinnovation.com.br\/planetajovem2\/?s={search_term_string}\"},\"query-input\":{\"@type\":\"PropertyValueSpecification\",\"valueRequired\":true,\"valueName\":\"search_term_string\"}}],\"inLanguage\":\"pt-BR\"}]}<\/script>\n<!-- \/ Yoast SEO plugin. -->","yoast_head_json":{"title":"Jambor - Planeta Jovem 2","robots":{"index":"index","follow":"follow","max-snippet":"max-snippet:-1","max-image-preview":"max-image-preview:large","max-video-preview":"max-video-preview:-1"},"canonical":"https:\/\/pirambuinnovation.com.br\/planetajovem2\/jambor\/","og_locale":"pt_BR","og_type":"article","og_title":"Jambor - Planeta Jovem 2","og_description":"\u00c9 um pa\u00eds vizinho a Jakkar e de grandes florestas e riquezas naturais, como cachoeiras e grutas. A invas\u00e3o dessas terras est\u00e1 deixando devasta\u00e7\u00e3o. Pautas como Meio Ambiente e Sustentabilidade s\u00e3o urgentes por aqui. CONHE\u00c7A O PA\u00cdSA\u00c7\u00d5ES DO PA\u00cdS","og_url":"https:\/\/pirambuinnovation.com.br\/planetajovem2\/jambor\/","og_site_name":"Planeta Jovem 2","article_modified_time":"2024-05-01T16:34:08+00:00","twitter_card":"summary_large_image","twitter_misc":{"Est. tempo de leitura":"10 minutos"},"schema":{"@context":"https:\/\/schema.org","@graph":[{"@type":"WebPage","@id":"https:\/\/pirambuinnovation.com.br\/planetajovem2\/jambor\/","url":"https:\/\/pirambuinnovation.com.br\/planetajovem2\/jambor\/","name":"Jambor - Planeta Jovem 2","isPartOf":{"@id":"https:\/\/pirambuinnovation.com.br\/planetajovem2\/#website"},"datePublished":"2023-12-29T14:18:13+00:00","dateModified":"2024-05-01T16:34:08+00:00","breadcrumb":{"@id":"https:\/\/pirambuinnovation.com.br\/planetajovem2\/jambor\/#breadcrumb"},"inLanguage":"pt-BR","potentialAction":[{"@type":"ReadAction","target":["https:\/\/pirambuinnovation.com.br\/planetajovem2\/jambor\/"]}]},{"@type":"BreadcrumbList","@id":"https:\/\/pirambuinnovation.com.br\/planetajovem2\/jambor\/#breadcrumb","itemListElement":[{"@type":"ListItem","position":1,"name":"In\u00edcio","item":"https:\/\/pirambuinnovation.com.br\/planetajovem2\/"},{"@type":"ListItem","position":2,"name":"Jambor"}]},{"@type":"WebSite","@id":"https:\/\/pirambuinnovation.com.br\/planetajovem2\/#website","url":"https:\/\/pirambuinnovation.com.br\/planetajovem2\/","name":"Planeta Jovem 2","description":"Programa de desenvolvimento de compet\u00eancias para Jovens","potentialAction":[{"@type":"SearchAction","target":{"@type":"EntryPoint","urlTemplate":"https:\/\/pirambuinnovation.com.br\/planetajovem2\/?s={search_term_string}"},"query-input":{"@type":"PropertyValueSpecification","valueRequired":true,"valueName":"search_term_string"}}],"inLanguage":"pt-BR"}]}},"_links":{"self":[{"href":"https:\/\/pirambuinnovation.com.br\/planetajovem2\/wp-json\/wp\/v2\/pages\/147","targetHints":{"allow":["GET"]}}],"collection":[{"href":"https:\/\/pirambuinnovation.com.br\/planetajovem2\/wp-json\/wp\/v2\/pages"}],"about":[{"href":"https:\/\/pirambuinnovation.com.br\/planetajovem2\/wp-json\/wp\/v2\/types\/page"}],"author":[{"embeddable":true,"href":"https:\/\/pirambuinnovation.com.br\/planetajovem2\/wp-json\/wp\/v2\/users\/1"}],"replies":[{"embeddable":true,"href":"https:\/\/pirambuinnovation.com.br\/planetajovem2\/wp-json\/wp\/v2\/comments?post=147"}],"version-history":[{"count":4,"href":"https:\/\/pirambuinnovation.com.br\/planetajovem2\/wp-json\/wp\/v2\/pages\/147\/revisions"}],"predecessor-version":[{"id":353,"href":"https:\/\/pirambuinnovation.com.br\/planetajovem2\/wp-json\/wp\/v2\/pages\/147\/revisions\/353"}],"wp:attachment":[{"href":"https:\/\/pirambuinnovation.com.br\/planetajovem2\/wp-json\/wp\/v2\/media?parent=147"}],"curies":[{"name":"wp","href":"https:\/\/api.w.org\/{rel}","templated":true}]}}