{"id":103,"date":"2023-12-29T10:20:20","date_gmt":"2023-12-29T13:20:20","guid":{"rendered":"https:\/\/iracemadigital.com.br\/planetajovem2\/?page_id=103"},"modified":"2023-12-29T10:20:20","modified_gmt":"2023-12-29T13:20:20","slug":"como-funciona","status":"publish","type":"page","link":"https:\/\/pirambuinnovation.com.br\/planetajovem2\/como-funciona\/","title":{"rendered":"Como Funciona"},"content":{"rendered":"<h1>OBJETO<\/h1>\n<p>O Planeta Jovens \u00e9 um programa de forma\u00e7\u00e3o cidad\u00e3 protagonizado por jovens de escolas de ensino m\u00e9dio, profissional e superior, que, comprometidos com o futuro do planeta, ir\u00e3o compartilhar e construir experi\u00eancias, ideias, realiza\u00e7\u00f5es e projetos nas \u00e1reas sociais, tecnologia, cultura e inova\u00e7\u00e3o.<br \/>\nO programa \u00e9 formado por uma jornada no metaverso, misturando atividades presenciais e online, em um universo l\u00fadico seguro, capaz de ser transformados pelas a\u00e7\u00f5es tomadas pela juventude que habita essa realidade mista, estimulada com governan\u00e7a dos seus pr\u00f3prios habitantes.<br \/>\nA jornada se encerra com a constru\u00e7\u00e3o de entregas que podem melhorar problemas encontrados no mundo real.<br \/>\nO projeto foi idealizado pelo Iracema Digital e desenvolvido pelo Instituto Bojog\u00e1 de Inova\u00e7\u00e3o em Jogos e Criatlo.<\/p>\n\n<h2>OBJETIVO GERAL<\/h2>\n<blockquote><p>Criar um programa de desenvolvimento de jovens para despertar o senso de responsabilidade com o futuro do planeta, aumentar a auto-estima, o esp\u00edrito de solidariedade, lideran\u00e7a e felicidade.<\/p><\/blockquote>\n<h2>OBJETIVOS ESPEC\u00cdFICOS<\/h2>\n<ul>\n<li>Provocar no jovem um novo empoderamento, conscientiza\u00e7\u00e3o e autoconhecimento para a constru\u00e7\u00e3o de futuros melhores para si e para o Cear\u00e1.<\/li>\n<li>Oportunizar jovens a conhecer e aprender o novo, mostrando sua capacidade transformadora<\/li>\n<li>Apropriar o jovem de seu papel social de pertencimento para a transforma\u00e7\u00e3o positiva de seu territ\u00f3rio para as futuras gera\u00e7\u00f5es<\/li>\n<li>Gerar ambientes de frui\u00e7\u00e3o, experi\u00eancia e troca de saberes e viv\u00eancias em cen\u00e1rios de futuro<\/li>\n<\/ul>\n<h1>P\u00daBLICO-ALVO<\/h1>\n<p>Jovens de escolas de ensino m\u00e9dio, profissional e superior. Espera-se ter o n\u00famero m\u00e9dio de participantes abaixo:<\/p>\n<ul>\n<li>500 PESSOAS NO IFCE FORTALEZA<\/li>\n<li>3500 PESSOAS NOS CAMPI<\/li>\n<li>5000 ONLINE<\/li>\n<\/ul>\n<h1>METODOLOGIA<\/h1>\n<p>O Planeta Jovens acontecer\u00e1 no Metaverso, isto \u00e9, de forma REAL e VIRTUAL. A figura abaixo apresenta a din\u00e2mica do programa e seu ciclo virtuoso. O evento presencial inicia um movimento de frui\u00e7\u00e3o, di\u00e1logos e encontros, com troca de experi\u00eancias e protagonismo jovem. Acontece de forma presencial, com a apresenta\u00e7\u00e3o dos projetos de jovens para outros jovens, nas linguagens mais faladas por eles.<\/p>\n<p><img fetchpriority=\"high\" fetchpriority=\"high\" decoding=\"async\" class=\"aligncenter size-large wp-image-357\" src=\"https:\/\/pirambuinnovation.com.br\/planetajovens\/wp-content\/uploads\/sites\/4\/2022\/07\/estrutura-metaverso-1024x537.png\" alt=\"\" width=\"1024\" height=\"537\" \/><\/p>\n<p>Ap\u00f3s o evento daremos um novo passo no projeto, iniciando uma jornada gamificada cuja narrativa levar\u00e1 os jovens a resolver problemas em um mundo alternativo, como em um jogo, com desafios e recompensas. Chamamos essa fase de EMBARQUE para ao Metaverso.<br \/>\nUsando as redes online, esses jogadores e seus avatares ir\u00e3o formar conselhos, suas leis e resolu\u00e7\u00f5es para esse novo universo, com suas regras e solu\u00e7\u00f5es. Haver\u00e1 momentos onde mentores ir\u00e3o ajudar a desenvolver o pensamento dos jovens em desenvolver as solu\u00e7\u00f5es para os temas propostos para o ciclo corrente.<br \/>\nOs jogadores que acabarem desenvolvendo os melhores trabalhos, ideias, produtos e projetos participar\u00e3o dos debates no Metaverso, convencendo a sociedade na fase de desembarque, que acontece em evento no mundo real, a Feira do Conhecimento.<br \/>\nEsses e outros trabalhos de destaque s\u00e3o apresentados em um novo evento e assim o ciclo se reinicia.<\/p>\n<p>A primeira etapa do Planeta Jovens \u00e9 um convite a todos os jovens cearenses a um reencontro presencial depois das f\u00e9rias escolares. Com energia e vontade, estudantes do Estado do Cear\u00e1 ir\u00e3o organizar nas sedes das suas pr\u00f3prias unidades escolares um evento presencial apresentar<\/p>\n<ul>\n<li>Mostras de projetos sociais e de tecnologia<\/li>\n<li>Campeonatos de Jogos e Rob\u00f3tica<\/li>\n<li>Apresenta\u00e7\u00f5es de arte e cultura<\/li>\n<li>Debates sobre temas da atualidade<\/li>\n<li>Espa\u00e7o para empreendedores jovens<\/li>\n<li>Workshops e oficinas tem\u00e1ticas<\/li>\n<\/ul>\n<h1>TRILHAS TEM\u00c1TICAS<\/h1>\n<p>A metodologia da fase online do Planeta Jovens \u00e9 pautada nas metodologias ativas de aprendizagem, atrav\u00e9s da an\u00e1lise e resolu\u00e7\u00e3o de problemas e a investiga\u00e7\u00e3o do mundo ao nosso redor como pano de fundo para as problem\u00e1ticas abaixo abordadas<\/p>\n<ul>\n<li><strong>TRANSFORMA\u00c7\u00c3O DIGITAL<\/strong> &#8211; como as novas tecnologias podem diminuir o abismo digital entre as pessoas?<\/li>\n<li><strong>TRANSI\u00c7\u00c3O ENERG\u00c9TICA<\/strong> &#8211; como podemos ser mais sustent\u00e1veis usando recursos naturais alternativos?<\/li>\n<li><strong>ECONOMIA DO MAR<\/strong> &#8211; de que forma podemos usar melhor nosso recurso mais valioso?<\/li>\n<li><strong>ESCOLA DO FUTURO<\/strong> &#8211; como seria a escola pensada a partir da perspectiva dos jovens?<\/li>\n<li><strong>SA\u00daDE DIGITAL<\/strong> &#8211; como podemos usar a tecnologia e a inova\u00e7\u00e3o para cuidar melhor das pessoas?<\/li>\n<li><strong>MEIO AMBIENTE E SUSTENTABILIDADE<\/strong> &#8211; como os conceitos de equil\u00edbrio envolvem seres humanos e a diversidade do nosso Planeta<\/li>\n<li><strong>ARTE E CULTURA<\/strong> &#8211; as manifesta\u00e7\u00f5es que nos tornam cidad\u00e3os sens\u00edveis e melhores<\/li>\n<\/ul>\n<h1>FASES DO PROGRAMA<\/h1>\n<p>Ser\u00e1 criado um <strong>Metagame<\/strong> com o prop\u00f3sito de construir um ambiente seguro para que os jovens possam criar suas solu\u00e7\u00f5es, a partir de narrativas gamificadas.\u00a0Veja abaixo como funciona o embarque no Metaverso do Planeta Jovens:<\/p>\n<p><img decoding=\"async\" class=\"aligncenter size-large wp-image-358\" src=\"https:\/\/pirambuinnovation.com.br\/planetajovens\/wp-content\/uploads\/sites\/4\/2022\/07\/roadmap-Planeta-Jovens-1024x549.png\" alt=\"\" width=\"1024\" height=\"549\" \/><\/p>\n<ol>\n<li>FASE 1 &#8211; PASSAPORTE (inscri\u00e7\u00f5es)<\/li>\n<li>FASE 2 &#8211; EMBARQUE (presencial nos IFCE)<\/li>\n<li>FASE 3 &#8211; CHECK-IN (sele\u00e7\u00e3o)<\/li>\n<li>FASE 4 &#8211; JORNADA ONLINE (metagame)<\/li>\n<li>FASE 5 &#8211; DESEMBARQUE (Feira do Conhecimento)<\/li>\n<\/ol>\n<div style=\"width: 640px;\" class=\"wp-video\"><video class=\"wp-video-shortcode\" id=\"video-103-1\" width=\"640\" height=\"352\" preload=\"metadata\" controls=\"controls\"><source type=\"video\/mp4\" src=\"https:\/\/pirambuinnovation.com.br\/planetajovens\/wp-content\/uploads\/sites\/4\/2022\/07\/WhatsApp-Video-2022-07-10-at-11.54.52.mp4?_=1\" \/><a href=\"https:\/\/pirambuinnovation.com.br\/planetajovens\/wp-content\/uploads\/sites\/4\/2022\/07\/WhatsApp-Video-2022-07-10-at-11.54.52.mp4\">https:\/\/pirambuinnovation.com.br\/planetajovens\/wp-content\/uploads\/sites\/4\/2022\/07\/WhatsApp-Video-2022-07-10-at-11.54.52.mp4<\/a><\/video><\/div>\n<h1>QUEM VAI HABITAR O PLANETA JOVENS?<\/h1>\n<p>&nbsp;<\/p>\n<ul>\n<li><b>CIDAD\u00c3O<\/b> \u2013 Jovens que se inscrevem no Programa e se beneficiam das atividades do Planeta<\/li>\n<li><b>TRIPULANTE<\/b> \u2013 Cidad\u00e3os selecionados para a gest\u00e3o do Planeta Jovens e proposi\u00e7\u00e3o dos entreg\u00e1veis<\/li>\n<li><b>COMISS\u00c1RIO<\/b> \u2013 Jovens colaboradores que realizam atividades com os cidad\u00e3os<\/li>\n<\/ul>\n<h1>O QUE ENTREGAREMOS<\/h1>\n<p>MANIFESTO DO FUTURO<br \/>\nProposi\u00e7\u00f5es para as novas gera\u00e7\u00f5es<br \/>\nPROPOSTAS<br \/>\nSolu\u00e7\u00f5es para as trilhas<br \/>\nPLANO DIRETOR DO PLANETA<br \/>\nModelo para Cidades Inteligentes<br \/>\nATIVIDADES INTERATIVAS<br \/>\nJovem ensinando jovem<\/p>\n<h1>O QUE OS JOVEM V\u00c3O LEVAR PARA SEU FUTURO<\/h1>\n<ul>\n<li>experi\u00eancias<\/li>\n<li>saberes<\/li>\n<li>solidariedade<\/li>\n<li>vis\u00e3o empreendedora<\/li>\n<li>\u00e9tica<\/li>\n<\/ul>\n<h1>FERRAMENTAS COM A CARA DOS JOVENS<\/h1>\n<p>&nbsp;<\/p>\n<h1>DOCUMENTOS NORTEADORES DO PROGRAMA<\/h1>\n<ul>\n<li>Plataforma de Desenvolvimento Cear\u00e1 2050 \u2013 SEPLAG\/GOV-CE<\/li>\n<li>Plano de A\u00e7\u00e3o Agenda 2030 \u2013 ONU<\/li>\n<li>O Futuro \u00e9 das CHICS \u2013 Instituto Brasileiro de Cidades Inteligentes, Humanas e Sustent\u00e1veis<\/li>\n<li>Pensamento Criador &#8211; muito al\u00e9m da criatividade. Silvio Ramos Evangelista, 2a edi\u00e7\u00e3o, 2021<\/li>\n<\/ul>\n","protected":false},"excerpt":{"rendered":"<p>OBJETO O Planeta Jovens \u00e9 um programa de forma\u00e7\u00e3o cidad\u00e3 protagonizado por jovens de escolas de ensino m\u00e9dio, profissional e superior, que, comprometidos com o futuro do planeta, ir\u00e3o compartilhar e construir experi\u00eancias, ideias, realiza\u00e7\u00f5es e projetos nas \u00e1reas sociais, tecnologia, cultura e inova\u00e7\u00e3o. O programa \u00e9 formado por uma jornada no metaverso, misturando atividades [&hellip;]<\/p>\n","protected":false},"author":1,"featured_media":0,"parent":0,"menu_order":0,"comment_status":"closed","ping_status":"closed","template":"","meta":{"_et_pb_use_builder":"","_et_pb_old_content":"","_et_gb_content_width":"","footnotes":""},"class_list":["post-103","page","type-page","status-publish","hentry"],"yoast_head":"<!-- This site is optimized with the Yoast SEO plugin v26.9 - https:\/\/yoast.com\/product\/yoast-seo-wordpress\/ -->\n<title>Como Funciona - Planeta Jovem 2<\/title>\n<meta name=\"robots\" content=\"index, follow, max-snippet:-1, max-image-preview:large, max-video-preview:-1\" \/>\n<link rel=\"canonical\" href=\"https:\/\/pirambuinnovation.com.br\/planetajovem2\/como-funciona\/\" \/>\n<meta property=\"og:locale\" content=\"pt_BR\" \/>\n<meta property=\"og:type\" content=\"article\" \/>\n<meta property=\"og:title\" content=\"Como Funciona - Planeta Jovem 2\" \/>\n<meta property=\"og:description\" content=\"OBJETO O Planeta Jovens \u00e9 um programa de forma\u00e7\u00e3o cidad\u00e3 protagonizado por jovens de escolas de ensino m\u00e9dio, profissional e superior, que, comprometidos com o futuro do planeta, ir\u00e3o compartilhar e construir experi\u00eancias, ideias, realiza\u00e7\u00f5es e projetos nas \u00e1reas sociais, tecnologia, cultura e inova\u00e7\u00e3o. O programa \u00e9 formado por uma jornada no metaverso, misturando atividades [&hellip;]\" \/>\n<meta property=\"og:url\" content=\"https:\/\/pirambuinnovation.com.br\/planetajovem2\/como-funciona\/\" \/>\n<meta property=\"og:site_name\" content=\"Planeta Jovem 2\" \/>\n<meta property=\"og:image\" content=\"https:\/\/pirambuinnovation.com.br\/planetajovens\/wp-content\/uploads\/sites\/4\/2022\/07\/estrutura-metaverso-1024x537.png\" \/>\n<meta name=\"twitter:card\" content=\"summary_large_image\" \/>\n<script type=\"application\/ld+json\" class=\"yoast-schema-graph\">{\"@context\":\"https:\/\/schema.org\",\"@graph\":[{\"@type\":\"WebPage\",\"@id\":\"https:\/\/pirambuinnovation.com.br\/planetajovem2\/como-funciona\/\",\"url\":\"https:\/\/pirambuinnovation.com.br\/planetajovem2\/como-funciona\/\",\"name\":\"Como Funciona - Planeta Jovem 2\",\"isPartOf\":{\"@id\":\"https:\/\/pirambuinnovation.com.br\/planetajovem2\/#website\"},\"primaryImageOfPage\":{\"@id\":\"https:\/\/pirambuinnovation.com.br\/planetajovem2\/como-funciona\/#primaryimage\"},\"image\":{\"@id\":\"https:\/\/pirambuinnovation.com.br\/planetajovem2\/como-funciona\/#primaryimage\"},\"thumbnailUrl\":\"https:\/\/pirambuinnovation.com.br\/planetajovens\/wp-content\/uploads\/sites\/4\/2022\/07\/estrutura-metaverso-1024x537.png\",\"datePublished\":\"2023-12-29T13:20:20+00:00\",\"breadcrumb\":{\"@id\":\"https:\/\/pirambuinnovation.com.br\/planetajovem2\/como-funciona\/#breadcrumb\"},\"inLanguage\":\"pt-BR\",\"potentialAction\":[{\"@type\":\"ReadAction\",\"target\":[\"https:\/\/pirambuinnovation.com.br\/planetajovem2\/como-funciona\/\"]}]},{\"@type\":\"ImageObject\",\"inLanguage\":\"pt-BR\",\"@id\":\"https:\/\/pirambuinnovation.com.br\/planetajovem2\/como-funciona\/#primaryimage\",\"url\":\"https:\/\/pirambuinnovation.com.br\/planetajovens\/wp-content\/uploads\/sites\/4\/2022\/07\/estrutura-metaverso-1024x537.png\",\"contentUrl\":\"https:\/\/pirambuinnovation.com.br\/planetajovens\/wp-content\/uploads\/sites\/4\/2022\/07\/estrutura-metaverso-1024x537.png\"},{\"@type\":\"BreadcrumbList\",\"@id\":\"https:\/\/pirambuinnovation.com.br\/planetajovem2\/como-funciona\/#breadcrumb\",\"itemListElement\":[{\"@type\":\"ListItem\",\"position\":1,\"name\":\"In\u00edcio\",\"item\":\"https:\/\/pirambuinnovation.com.br\/planetajovem2\/\"},{\"@type\":\"ListItem\",\"position\":2,\"name\":\"Como Funciona\"}]},{\"@type\":\"WebSite\",\"@id\":\"https:\/\/pirambuinnovation.com.br\/planetajovem2\/#website\",\"url\":\"https:\/\/pirambuinnovation.com.br\/planetajovem2\/\",\"name\":\"Planeta Jovem 2\",\"description\":\"Programa de desenvolvimento de compet\u00eancias para Jovens\",\"potentialAction\":[{\"@type\":\"SearchAction\",\"target\":{\"@type\":\"EntryPoint\",\"urlTemplate\":\"https:\/\/pirambuinnovation.com.br\/planetajovem2\/?s={search_term_string}\"},\"query-input\":{\"@type\":\"PropertyValueSpecification\",\"valueRequired\":true,\"valueName\":\"search_term_string\"}}],\"inLanguage\":\"pt-BR\"}]}<\/script>\n<!-- \/ Yoast SEO plugin. -->","yoast_head_json":{"title":"Como Funciona - Planeta Jovem 2","robots":{"index":"index","follow":"follow","max-snippet":"max-snippet:-1","max-image-preview":"max-image-preview:large","max-video-preview":"max-video-preview:-1"},"canonical":"https:\/\/pirambuinnovation.com.br\/planetajovem2\/como-funciona\/","og_locale":"pt_BR","og_type":"article","og_title":"Como Funciona - Planeta Jovem 2","og_description":"OBJETO O Planeta Jovens \u00e9 um programa de forma\u00e7\u00e3o cidad\u00e3 protagonizado por jovens de escolas de ensino m\u00e9dio, profissional e superior, que, comprometidos com o futuro do planeta, ir\u00e3o compartilhar e construir experi\u00eancias, ideias, realiza\u00e7\u00f5es e projetos nas \u00e1reas sociais, tecnologia, cultura e inova\u00e7\u00e3o. O programa \u00e9 formado por uma jornada no metaverso, misturando atividades [&hellip;]","og_url":"https:\/\/pirambuinnovation.com.br\/planetajovem2\/como-funciona\/","og_site_name":"Planeta Jovem 2","og_image":[{"url":"https:\/\/pirambuinnovation.com.br\/planetajovens\/wp-content\/uploads\/sites\/4\/2022\/07\/estrutura-metaverso-1024x537.png","type":"","width":"","height":""}],"twitter_card":"summary_large_image","schema":{"@context":"https:\/\/schema.org","@graph":[{"@type":"WebPage","@id":"https:\/\/pirambuinnovation.com.br\/planetajovem2\/como-funciona\/","url":"https:\/\/pirambuinnovation.com.br\/planetajovem2\/como-funciona\/","name":"Como Funciona - Planeta Jovem 2","isPartOf":{"@id":"https:\/\/pirambuinnovation.com.br\/planetajovem2\/#website"},"primaryImageOfPage":{"@id":"https:\/\/pirambuinnovation.com.br\/planetajovem2\/como-funciona\/#primaryimage"},"image":{"@id":"https:\/\/pirambuinnovation.com.br\/planetajovem2\/como-funciona\/#primaryimage"},"thumbnailUrl":"https:\/\/pirambuinnovation.com.br\/planetajovens\/wp-content\/uploads\/sites\/4\/2022\/07\/estrutura-metaverso-1024x537.png","datePublished":"2023-12-29T13:20:20+00:00","breadcrumb":{"@id":"https:\/\/pirambuinnovation.com.br\/planetajovem2\/como-funciona\/#breadcrumb"},"inLanguage":"pt-BR","potentialAction":[{"@type":"ReadAction","target":["https:\/\/pirambuinnovation.com.br\/planetajovem2\/como-funciona\/"]}]},{"@type":"ImageObject","inLanguage":"pt-BR","@id":"https:\/\/pirambuinnovation.com.br\/planetajovem2\/como-funciona\/#primaryimage","url":"https:\/\/pirambuinnovation.com.br\/planetajovens\/wp-content\/uploads\/sites\/4\/2022\/07\/estrutura-metaverso-1024x537.png","contentUrl":"https:\/\/pirambuinnovation.com.br\/planetajovens\/wp-content\/uploads\/sites\/4\/2022\/07\/estrutura-metaverso-1024x537.png"},{"@type":"BreadcrumbList","@id":"https:\/\/pirambuinnovation.com.br\/planetajovem2\/como-funciona\/#breadcrumb","itemListElement":[{"@type":"ListItem","position":1,"name":"In\u00edcio","item":"https:\/\/pirambuinnovation.com.br\/planetajovem2\/"},{"@type":"ListItem","position":2,"name":"Como Funciona"}]},{"@type":"WebSite","@id":"https:\/\/pirambuinnovation.com.br\/planetajovem2\/#website","url":"https:\/\/pirambuinnovation.com.br\/planetajovem2\/","name":"Planeta Jovem 2","description":"Programa de desenvolvimento de compet\u00eancias para Jovens","potentialAction":[{"@type":"SearchAction","target":{"@type":"EntryPoint","urlTemplate":"https:\/\/pirambuinnovation.com.br\/planetajovem2\/?s={search_term_string}"},"query-input":{"@type":"PropertyValueSpecification","valueRequired":true,"valueName":"search_term_string"}}],"inLanguage":"pt-BR"}]}},"_links":{"self":[{"href":"https:\/\/pirambuinnovation.com.br\/planetajovem2\/wp-json\/wp\/v2\/pages\/103","targetHints":{"allow":["GET"]}}],"collection":[{"href":"https:\/\/pirambuinnovation.com.br\/planetajovem2\/wp-json\/wp\/v2\/pages"}],"about":[{"href":"https:\/\/pirambuinnovation.com.br\/planetajovem2\/wp-json\/wp\/v2\/types\/page"}],"author":[{"embeddable":true,"href":"https:\/\/pirambuinnovation.com.br\/planetajovem2\/wp-json\/wp\/v2\/users\/1"}],"replies":[{"embeddable":true,"href":"https:\/\/pirambuinnovation.com.br\/planetajovem2\/wp-json\/wp\/v2\/comments?post=103"}],"version-history":[{"count":1,"href":"https:\/\/pirambuinnovation.com.br\/planetajovem2\/wp-json\/wp\/v2\/pages\/103\/revisions"}],"predecessor-version":[{"id":104,"href":"https:\/\/pirambuinnovation.com.br\/planetajovem2\/wp-json\/wp\/v2\/pages\/103\/revisions\/104"}],"wp:attachment":[{"href":"https:\/\/pirambuinnovation.com.br\/planetajovem2\/wp-json\/wp\/v2\/media?parent=103"}],"curies":[{"name":"wp","href":"https:\/\/api.w.org\/{rel}","templated":true}]}}