{"id":220,"date":"2023-10-22T22:41:01","date_gmt":"2023-10-23T01:41:01","guid":{"rendered":"https:\/\/iracemadigital.com.br\/jornadainovacao\/?page_id=220"},"modified":"2023-10-23T00:07:58","modified_gmt":"2023-10-23T03:07:58","slug":"russas","status":"publish","type":"page","link":"https:\/\/pirambuinnovation.com.br\/jornadainovacao\/territorios\/russas\/","title":{"rendered":"Russas"},"content":{"rendered":"<p>[et_pb_section fb_built=&#8221;1&#8243; next_background_color=&#8221;#ffffff&#8221; admin_label=&#8221;Header&#8221; _builder_version=&#8221;4.22.2&#8243; _module_preset=&#8221;default&#8221; use_background_color_gradient=&#8221;on&#8221; background_color_gradient_direction=&#8221;-117deg&#8221; background_color_gradient_stops=&#8221;#01012c 0%|#0d0c22 100%&#8221; background_color_gradient_start=&#8221;#01012c&#8221; background_color_gradient_end=&#8221;#0d0c22&#8243; background_image=&#8221;https:\/\/pirambuinnovation.com.br\/jornadainovacao\/wp-content\/uploads\/sites\/6\/2023\/10\/ai-002-1.jpg&#8221; custom_padding=&#8221;8vw||8vw||false|false&#8221; bottom_divider_style=&#8221;arrow2&#8243; locked=&#8221;off&#8221; global_colors_info=&#8221;{}&#8221;][et_pb_row _builder_version=&#8221;4.16&#8243; _module_preset=&#8221;default&#8221; max_width=&#8221;800px&#8221; custom_margin=&#8221;||||false|false&#8221; global_colors_info=&#8221;{}&#8221;][et_pb_column type=&#8221;4_4&#8243; _builder_version=&#8221;4.16&#8243; _module_preset=&#8221;default&#8221; global_colors_info=&#8221;{}&#8221;][et_pb_text _builder_version=&#8221;4.22.2&#8243; _module_preset=&#8221;534cc526-6274-4e31-9e1a-7f18a5947bf1&#8243; header_4_font=&#8221;Archivo|600||on|||||&#8221; header_4_text_align=&#8221;center&#8221; header_4_text_color=&#8221;#DB0EB7&#8243; header_4_font_size=&#8221;13px&#8221; header_4_letter_spacing=&#8221;1px&#8221; header_4_line_height=&#8221;1.5em&#8221; custom_margin=&#8221;||0px||false|false&#8221; header_4_font_size_tablet=&#8221;&#8221; header_4_font_size_phone=&#8221;&#8221; header_4_font_size_last_edited=&#8221;on|desktop&#8221; locked=&#8221;off&#8221; global_colors_info=&#8221;{}&#8221;]<\/p>\n<h4>JORNADA DA INOVA\u00c7\u00c3O<\/h4>\n<p>[\/et_pb_text][et_pb_post_title meta=&#8221;off&#8221; featured_image=&#8221;off&#8221; _builder_version=&#8221;4.22.2&#8243; _module_preset=&#8221;default&#8221; title_font=&#8221;|||on|||||&#8221; title_text_align=&#8221;center&#8221; title_text_color=&#8221;#FFFFFF&#8221; title_font_size=&#8221;55px&#8221; title_text_shadow_style=&#8221;preset3&#8243; global_colors_info=&#8221;{}&#8221;][\/et_pb_post_title][\/et_pb_column][\/et_pb_row][\/et_pb_section][et_pb_section fb_built=&#8221;1&#8243; _builder_version=&#8221;4.22.2&#8243; _module_preset=&#8221;default&#8221; bottom_divider_color=&#8221;#e0e0e0&#8243; bottom_divider_flip=&#8221;vertical&#8221; locked=&#8221;off&#8221; global_colors_info=&#8221;{}&#8221;][et_pb_row _builder_version=&#8221;4.22.2&#8243; _module_preset=&#8221;default&#8221; custom_padding=&#8221;||40px|||&#8221; global_colors_info=&#8221;{}&#8221;][et_pb_column type=&#8221;4_4&#8243; _builder_version=&#8221;4.22.2&#8243; _module_preset=&#8221;default&#8221; global_colors_info=&#8221;{}&#8221;][et_pb_text _builder_version=&#8221;4.22.2&#8243; _module_preset=&#8221;default&#8221; text_font=&#8221;Bakbak One||||||||&#8221; text_text_color=&#8221;#DF52FF&#8221; text_font_size=&#8221;40px&#8221; global_colors_info=&#8221;{}&#8221;]<\/p>\n<p>O QUE ACONTECEU EM RUSSAS<\/p>\n<p>[\/et_pb_text][\/et_pb_column][\/et_pb_row][et_pb_row column_structure=&#8221;3_4,1_4&#8243; _builder_version=&#8221;4.22.2&#8243; _module_preset=&#8221;default&#8221; background_color=&#8221;#bee0d9&#8243; custom_padding=&#8221;30px|30px|30px|30px|false|false&#8221; border_radii=&#8221;on|15px|15px|15px|15px&#8221; box_shadow_style=&#8221;preset2&#8243; locked=&#8221;off&#8221; global_colors_info=&#8221;{}&#8221;][et_pb_column type=&#8221;3_4&#8243; _builder_version=&#8221;4.22.2&#8243; _module_preset=&#8221;default&#8221; global_colors_info=&#8221;{}&#8221;][et_pb_blurb title=&#8221;F\u00f3rum de nova\u00e7\u00e3o&#8221; image=&#8221;https:\/\/pirambuinnovation.com.br\/jornadainovacao\/wp-content\/uploads\/sites\/6\/2023\/10\/Joao-Teixeira.jpg&#8221; image_icon_width=&#8221;220px&#8221; content_max_width=&#8221;100%&#8221; _builder_version=&#8221;4.22.2&#8243; _module_preset=&#8221;default&#8221; header_font_size=&#8221;25px&#8221; body_font_size=&#8221;18px&#8221; background_color=&#8221;RGBA(255,255,255,0)&#8221; custom_padding=&#8221;30px|30px|30px|30px|false|false&#8221; custom_css_blurb_image=&#8221;float: left;||margin-right: 30px;&#8221; border_radii_image=&#8221;on|200px|200px|200px|200px&#8221; global_colors_info=&#8221;{}&#8221;]<\/p>\n<p>Tema: Per\u00edmetros Irrigados, Tecnologia da Informa\u00e7\u00e3o e o Papel do Governo.<\/p>\n<p>Engenheiro Civil e empres\u00e1rio, Jo\u00e3o Texeira \u00e9 diretor da Frutacor.<\/p>\n<p>[\/et_pb_blurb][\/et_pb_column][et_pb_column type=&#8221;1_4&#8243; _builder_version=&#8221;4.22.2&#8243; _module_preset=&#8221;default&#8221; global_colors_info=&#8221;{}&#8221;][et_pb_text _builder_version=&#8221;4.22.2&#8243; _module_preset=&#8221;default&#8221; global_colors_info=&#8221;{}&#8221;]<\/p>\n<h1>05\/10\/2023<\/h1>\n<h2>8h30min<\/h2>\n<h3><em>CDL Russas &#8211; R. Padre Vieira, 300 Centro, Russas \u2013 CE<\/em><\/h3>\n<p>[\/et_pb_text][et_pb_button button_url=&#8221;https:\/\/forms.gle\/UJwNTvciTFjZ1joGA&#8221; url_new_window=&#8221;on&#8221; button_text=&#8221;INSCREVA-SE&#8221; disabled_on=&#8221;on|on|on&#8221; _builder_version=&#8221;4.22.2&#8243; _module_preset=&#8221;a423b556-cd22-48b3-a782-8aae26f60647&#8243; custom_button=&#8221;on&#8221; button_text_size=&#8221;14px&#8221; button_text_color=&#8221;#FFFFFF&#8221; button_bg_color=&#8221;#01012C&#8221; button_border_width=&#8221;0px&#8221; button_border_radius=&#8221;0px&#8221; button_letter_spacing=&#8221;1px&#8221; button_font=&#8221;Archivo|600||on|||||&#8221; custom_padding=&#8221;15px|30px|15px|30px|true|true&#8221; disabled=&#8221;on&#8221; locked=&#8221;off&#8221; global_colors_info=&#8221;{}&#8221;][\/et_pb_button][et_pb_button button_url=&#8221;https:\/\/www.youtube.com\/watch?v=iO6v3FWxu6E&#8221; url_new_window=&#8221;on&#8221; button_text=&#8221;Veja como foi&#8221; _builder_version=&#8221;4.22.2&#8243; _module_preset=&#8221;a423b556-cd22-48b3-a782-8aae26f60647&#8243; custom_button=&#8221;on&#8221; button_text_size=&#8221;14px&#8221; button_text_color=&#8221;#FFFFFF&#8221; button_bg_color=&#8221;#01012C&#8221; button_border_width=&#8221;0px&#8221; button_border_radius=&#8221;0px&#8221; button_letter_spacing=&#8221;1px&#8221; button_font=&#8221;Archivo|600||on|||||&#8221; custom_padding=&#8221;15px|30px|15px|30px|true|true&#8221; locked=&#8221;off&#8221; global_colors_info=&#8221;{}&#8221;][\/et_pb_button][\/et_pb_column][\/et_pb_row][\/et_pb_section][et_pb_section fb_built=&#8221;1&#8243; _builder_version=&#8221;4.22.2&#8243; _module_preset=&#8221;default&#8221; bottom_divider_color=&#8221;#e0e0e0&#8243; bottom_divider_flip=&#8221;vertical&#8221; locked=&#8221;off&#8221; global_colors_info=&#8221;{}&#8221;][et_pb_row column_structure=&#8221;3_4,1_4&#8243; _builder_version=&#8221;4.22.2&#8243; _module_preset=&#8221;default&#8221; background_color=&#8221;#bee0d9&#8243; custom_padding=&#8221;30px|30px|30px|30px|false|false&#8221; border_radii=&#8221;on|15px|15px|15px|15px&#8221; box_shadow_style=&#8221;preset2&#8243; global_colors_info=&#8221;{}&#8221;][et_pb_column type=&#8221;3_4&#8243; _builder_version=&#8221;4.22.2&#8243; _module_preset=&#8221;default&#8221; global_colors_info=&#8221;{}&#8221;][et_pb_image src=&#8221;https:\/\/pirambuinnovation.com.br\/jornadainovacao\/wp-content\/uploads\/sites\/6\/2023\/10\/thumb-encontro-Russas.jpg&#8221; title_text=&#8221;thumb-encontro-Russas&#8221; _builder_version=&#8221;4.22.2&#8243; _module_preset=&#8221;default&#8221; hover_enabled=&#8221;0&#8243; global_colors_info=&#8221;{}&#8221; sticky_enabled=&#8221;0&#8243;][\/et_pb_image][\/et_pb_column][et_pb_column type=&#8221;1_4&#8243; _builder_version=&#8221;4.22.2&#8243; _module_preset=&#8221;default&#8221; global_colors_info=&#8221;{}&#8221;][et_pb_text _builder_version=&#8221;4.22.2&#8243; _module_preset=&#8221;default&#8221; global_colors_info=&#8221;{}&#8221;]<\/p>\n<h1>19\/10\/2023<\/h1>\n<h2>8h30min<\/h2>\n<h3><em>Escola Raimundo de Deus &#8211; Av. Irm\u00e3 Maria da Gra\u00e7a, 262 &#8211; Russas \u2013 CE<\/em><\/h3>\n<p>[\/et_pb_text][et_pb_button button_url=&#8221;https:\/\/forms.gle\/fxgishkV7quTnTcD6&#8243; url_new_window=&#8221;on&#8221; button_text=&#8221;INSCREVA-SE&#8221; disabled_on=&#8221;on|on|on&#8221; _builder_version=&#8221;4.22.2&#8243; _module_preset=&#8221;a423b556-cd22-48b3-a782-8aae26f60647&#8243; custom_button=&#8221;on&#8221; button_text_size=&#8221;14px&#8221; button_text_color=&#8221;#FFFFFF&#8221; button_bg_color=&#8221;#01012C&#8221; button_border_width=&#8221;0px&#8221; button_border_radius=&#8221;0px&#8221; button_letter_spacing=&#8221;1px&#8221; button_font=&#8221;Archivo|600||on|||||&#8221; custom_padding=&#8221;15px|30px|15px|30px|true|true&#8221; disabled=&#8221;on&#8221; locked=&#8221;off&#8221; global_colors_info=&#8221;{}&#8221;][\/et_pb_button][et_pb_button button_url=&#8221;https:\/\/www.youtube.com\/watch?v=bueP8MJMvFA&#8221; url_new_window=&#8221;on&#8221; button_text=&#8221;VEJA COMO FOI&#8221; _builder_version=&#8221;4.22.2&#8243; _module_preset=&#8221;a423b556-cd22-48b3-a782-8aae26f60647&#8243; custom_button=&#8221;on&#8221; button_text_size=&#8221;14px&#8221; button_text_color=&#8221;#FFFFFF&#8221; button_bg_color=&#8221;#01012C&#8221; button_border_width=&#8221;0px&#8221; button_border_radius=&#8221;0px&#8221; button_letter_spacing=&#8221;1px&#8221; button_font=&#8221;Archivo|600||on|||||&#8221; custom_padding=&#8221;15px|30px|15px|30px|true|true&#8221; hover_enabled=&#8221;0&#8243; locked=&#8221;off&#8221; global_colors_info=&#8221;{}&#8221; sticky_enabled=&#8221;0&#8243;][\/et_pb_button][\/et_pb_column][\/et_pb_row][\/et_pb_section][et_pb_section fb_built=&#8221;1&#8243; _builder_version=&#8221;4.22.2&#8243; _module_preset=&#8221;default&#8221; bottom_divider_style=&#8221;slant2&#8243; bottom_divider_color=&#8221;#01012c&#8221; bottom_divider_flip=&#8221;vertical&#8221; locked=&#8221;off&#8221; global_colors_info=&#8221;{}&#8221;][\/et_pb_section]<\/p>\n","protected":false},"excerpt":{"rendered":"<p>JORNADA DA INOVA\u00c7\u00c3OO QUE ACONTECEU EM RUSSASTema: Per\u00edmetros Irrigados, Tecnologia da Informa\u00e7\u00e3o e o Papel do Governo. Engenheiro Civil e empres\u00e1rio, Jo\u00e3o Texeira \u00e9 diretor da Frutacor.05\/10\/2023 8h30min CDL Russas &#8211; R. Padre Vieira, 300 Centro, Russas \u2013 CE19\/10\/2023 8h30min Escola Raimundo de Deus &#8211; Av. Irm\u00e3 Maria da Gra\u00e7a, 262 &#8211; Russas \u2013 CE<\/p>\n","protected":false},"author":1,"featured_media":0,"parent":41,"menu_order":0,"comment_status":"closed","ping_status":"closed","template":"","meta":{"_et_pb_use_builder":"on","_et_pb_old_content":"","_et_gb_content_width":"","footnotes":""},"class_list":["post-220","page","type-page","status-publish","hentry"],"yoast_head":"<!-- This site is optimized with the Yoast SEO plugin v26.9 - https:\/\/yoast.com\/product\/yoast-seo-wordpress\/ -->\n<title>Russas - Jornada da Inova\u00e7\u00e3o<\/title>\n<meta name=\"robots\" content=\"index, follow, max-snippet:-1, max-image-preview:large, max-video-preview:-1\" \/>\n<link rel=\"canonical\" href=\"https:\/\/pirambuinnovation.com.br\/jornadainovacao\/territorios\/russas\/\" \/>\n<meta property=\"og:locale\" content=\"pt_BR\" \/>\n<meta property=\"og:type\" content=\"article\" \/>\n<meta property=\"og:title\" content=\"Russas - Jornada da Inova\u00e7\u00e3o\" \/>\n<meta property=\"og:description\" content=\"JORNADA DA INOVA\u00c7\u00c3OO QUE ACONTECEU EM RUSSASTema: Per\u00edmetros Irrigados, Tecnologia da Informa\u00e7\u00e3o e o Papel do Governo. Engenheiro Civil e empres\u00e1rio, Jo\u00e3o Texeira \u00e9 diretor da Frutacor.05\/10\/2023 8h30min CDL Russas - R. Padre Vieira, 300 Centro, Russas \u2013 CE19\/10\/2023 8h30min Escola Raimundo de Deus - Av. Irm\u00e3 Maria da Gra\u00e7a, 262 - Russas \u2013 CE\" \/>\n<meta property=\"og:url\" content=\"https:\/\/pirambuinnovation.com.br\/jornadainovacao\/territorios\/russas\/\" \/>\n<meta property=\"og:site_name\" content=\"Jornada da Inova\u00e7\u00e3o\" \/>\n<meta property=\"article:modified_time\" content=\"2023-10-23T03:07:58+00:00\" \/>\n<meta name=\"twitter:card\" content=\"summary_large_image\" \/>\n<meta name=\"twitter:label1\" content=\"Est. tempo de leitura\" \/>\n\t<meta name=\"twitter:data1\" content=\"2 minutos\" \/>\n<script type=\"application\/ld+json\" class=\"yoast-schema-graph\">{\"@context\":\"https:\/\/schema.org\",\"@graph\":[{\"@type\":\"WebPage\",\"@id\":\"https:\/\/pirambuinnovation.com.br\/jornadainovacao\/territorios\/russas\/\",\"url\":\"https:\/\/pirambuinnovation.com.br\/jornadainovacao\/territorios\/russas\/\",\"name\":\"Russas - Jornada da Inova\u00e7\u00e3o\",\"isPartOf\":{\"@id\":\"https:\/\/pirambuinnovation.com.br\/jornadainovacao\/#website\"},\"datePublished\":\"2023-10-23T01:41:01+00:00\",\"dateModified\":\"2023-10-23T03:07:58+00:00\",\"breadcrumb\":{\"@id\":\"https:\/\/pirambuinnovation.com.br\/jornadainovacao\/territorios\/russas\/#breadcrumb\"},\"inLanguage\":\"pt-BR\",\"potentialAction\":[{\"@type\":\"ReadAction\",\"target\":[\"https:\/\/pirambuinnovation.com.br\/jornadainovacao\/territorios\/russas\/\"]}]},{\"@type\":\"BreadcrumbList\",\"@id\":\"https:\/\/pirambuinnovation.com.br\/jornadainovacao\/territorios\/russas\/#breadcrumb\",\"itemListElement\":[{\"@type\":\"ListItem\",\"position\":1,\"name\":\"In\u00edcio\",\"item\":\"https:\/\/pirambuinnovation.com.br\/jornadainovacao\/\"},{\"@type\":\"ListItem\",\"position\":2,\"name\":\"Territ\u00f3rios\",\"item\":\"https:\/\/pirambuinnovation.com.br\/jornadainovacao\/territorios\/\"},{\"@type\":\"ListItem\",\"position\":3,\"name\":\"Russas\"}]},{\"@type\":\"WebSite\",\"@id\":\"https:\/\/pirambuinnovation.com.br\/jornadainovacao\/#website\",\"url\":\"https:\/\/pirambuinnovation.com.br\/jornadainovacao\/\",\"name\":\"Jornada da Inova\u00e7\u00e3o\",\"description\":\"\",\"potentialAction\":[{\"@type\":\"SearchAction\",\"target\":{\"@type\":\"EntryPoint\",\"urlTemplate\":\"https:\/\/pirambuinnovation.com.br\/jornadainovacao\/?s={search_term_string}\"},\"query-input\":{\"@type\":\"PropertyValueSpecification\",\"valueRequired\":true,\"valueName\":\"search_term_string\"}}],\"inLanguage\":\"pt-BR\"}]}<\/script>\n<!-- \/ Yoast SEO plugin. -->","yoast_head_json":{"title":"Russas - Jornada da Inova\u00e7\u00e3o","robots":{"index":"index","follow":"follow","max-snippet":"max-snippet:-1","max-image-preview":"max-image-preview:large","max-video-preview":"max-video-preview:-1"},"canonical":"https:\/\/pirambuinnovation.com.br\/jornadainovacao\/territorios\/russas\/","og_locale":"pt_BR","og_type":"article","og_title":"Russas - Jornada da Inova\u00e7\u00e3o","og_description":"JORNADA DA INOVA\u00c7\u00c3OO QUE ACONTECEU EM RUSSASTema: Per\u00edmetros Irrigados, Tecnologia da Informa\u00e7\u00e3o e o Papel do Governo. Engenheiro Civil e empres\u00e1rio, Jo\u00e3o Texeira \u00e9 diretor da Frutacor.05\/10\/2023 8h30min CDL Russas - R. Padre Vieira, 300 Centro, Russas \u2013 CE19\/10\/2023 8h30min Escola Raimundo de Deus - Av. Irm\u00e3 Maria da Gra\u00e7a, 262 - Russas \u2013 CE","og_url":"https:\/\/pirambuinnovation.com.br\/jornadainovacao\/territorios\/russas\/","og_site_name":"Jornada da Inova\u00e7\u00e3o","article_modified_time":"2023-10-23T03:07:58+00:00","twitter_card":"summary_large_image","twitter_misc":{"Est. tempo de leitura":"2 minutos"},"schema":{"@context":"https:\/\/schema.org","@graph":[{"@type":"WebPage","@id":"https:\/\/pirambuinnovation.com.br\/jornadainovacao\/territorios\/russas\/","url":"https:\/\/pirambuinnovation.com.br\/jornadainovacao\/territorios\/russas\/","name":"Russas - Jornada da Inova\u00e7\u00e3o","isPartOf":{"@id":"https:\/\/pirambuinnovation.com.br\/jornadainovacao\/#website"},"datePublished":"2023-10-23T01:41:01+00:00","dateModified":"2023-10-23T03:07:58+00:00","breadcrumb":{"@id":"https:\/\/pirambuinnovation.com.br\/jornadainovacao\/territorios\/russas\/#breadcrumb"},"inLanguage":"pt-BR","potentialAction":[{"@type":"ReadAction","target":["https:\/\/pirambuinnovation.com.br\/jornadainovacao\/territorios\/russas\/"]}]},{"@type":"BreadcrumbList","@id":"https:\/\/pirambuinnovation.com.br\/jornadainovacao\/territorios\/russas\/#breadcrumb","itemListElement":[{"@type":"ListItem","position":1,"name":"In\u00edcio","item":"https:\/\/pirambuinnovation.com.br\/jornadainovacao\/"},{"@type":"ListItem","position":2,"name":"Territ\u00f3rios","item":"https:\/\/pirambuinnovation.com.br\/jornadainovacao\/territorios\/"},{"@type":"ListItem","position":3,"name":"Russas"}]},{"@type":"WebSite","@id":"https:\/\/pirambuinnovation.com.br\/jornadainovacao\/#website","url":"https:\/\/pirambuinnovation.com.br\/jornadainovacao\/","name":"Jornada da Inova\u00e7\u00e3o","description":"","potentialAction":[{"@type":"SearchAction","target":{"@type":"EntryPoint","urlTemplate":"https:\/\/pirambuinnovation.com.br\/jornadainovacao\/?s={search_term_string}"},"query-input":{"@type":"PropertyValueSpecification","valueRequired":true,"valueName":"search_term_string"}}],"inLanguage":"pt-BR"}]}},"_links":{"self":[{"href":"https:\/\/pirambuinnovation.com.br\/jornadainovacao\/wp-json\/wp\/v2\/pages\/220","targetHints":{"allow":["GET"]}}],"collection":[{"href":"https:\/\/pirambuinnovation.com.br\/jornadainovacao\/wp-json\/wp\/v2\/pages"}],"about":[{"href":"https:\/\/pirambuinnovation.com.br\/jornadainovacao\/wp-json\/wp\/v2\/types\/page"}],"author":[{"embeddable":true,"href":"https:\/\/pirambuinnovation.com.br\/jornadainovacao\/wp-json\/wp\/v2\/users\/1"}],"replies":[{"embeddable":true,"href":"https:\/\/pirambuinnovation.com.br\/jornadainovacao\/wp-json\/wp\/v2\/comments?post=220"}],"version-history":[{"count":4,"href":"https:\/\/pirambuinnovation.com.br\/jornadainovacao\/wp-json\/wp\/v2\/pages\/220\/revisions"}],"predecessor-version":[{"id":255,"href":"https:\/\/pirambuinnovation.com.br\/jornadainovacao\/wp-json\/wp\/v2\/pages\/220\/revisions\/255"}],"up":[{"embeddable":true,"href":"https:\/\/pirambuinnovation.com.br\/jornadainovacao\/wp-json\/wp\/v2\/pages\/41"}],"wp:attachment":[{"href":"https:\/\/pirambuinnovation.com.br\/jornadainovacao\/wp-json\/wp\/v2\/media?parent=220"}],"curies":[{"name":"wp","href":"https:\/\/api.w.org\/{rel}","templated":true}]}}