{"id":307,"date":"2022-02-18T16:03:33","date_gmt":"2022-02-18T19:03:33","guid":{"rendered":"https:\/\/iracemadigital.com.br\/3ever\/?page_id=307"},"modified":"2022-02-21T20:27:03","modified_gmt":"2022-02-21T23:27:03","slug":"exposicoes","status":"publish","type":"page","link":"https:\/\/pirambuinnovation.com.br\/3ever\/exposicoes\/","title":{"rendered":"Exposi\u00e7\u00f5es"},"content":{"rendered":"<p>[et_pb_section fb_built=&#8221;1&#8243; fullwidth=&#8221;on&#8221; module_id=&#8221;topo&#8221; _builder_version=&#8221;4.14.7&#8243; _module_preset=&#8221;default&#8221; z_index_tablet=&#8221;500&#8243; locked=&#8221;off&#8221; global_colors_info=&#8221;{}&#8221;][et_pb_fullwidth_post_title meta=&#8221;off&#8221; featured_image=&#8221;off&#8221; admin_label=&#8221;T\u00edtulo&#8221; _builder_version=&#8221;4.14.7&#8243; _module_preset=&#8221;default&#8221; title_font=&#8221;|800|||||||&#8221; title_text_color=&#8221;#ffffff&#8221; title_font_size=&#8221;40px&#8221; background_image=&#8221;https:\/\/pirambuinnovation.com.br\/3ever\/wp-content\/uploads\/sites\/2\/2022\/02\/header-arte.jpg&#8221; text_orientation=&#8221;right&#8221; custom_margin=&#8221;0px|0px|0px|0px&#8221; custom_padding=&#8221;200px|||&#8221; z_index_tablet=&#8221;500&#8243; text_shadow_style=&#8221;preset5&#8243; text_shadow_blur_strength=&#8221;0.1em&#8221; text_shadow_color=&#8221;#000000&#8243; global_colors_info=&#8221;{}&#8221;][\/et_pb_fullwidth_post_title][\/et_pb_section][et_pb_section fb_built=&#8221;1&#8243; fullwidth=&#8221;on&#8221; _builder_version=&#8221;3.22&#8243; _module_preset=&#8221;default&#8221; locked=&#8221;off&#8221; global_colors_info=&#8221;{}&#8221;][et_pb_fullwidth_header title=&#8221;\u00c1FRICA SOMOS N\u00d3S&#8221; text_orientation=&#8221;center&#8221; admin_label=&#8221;Data&#8221; _builder_version=&#8221;3.21.4&#8243; _module_preset=&#8221;default&#8221; title_font=&#8221;|800||on|||||&#8221; background_color=&#8221;#1f8967&#8243; custom_margin=&#8221;0px|0px|0px|0px&#8221; custom_padding=&#8221;0px|0px|0px|0px&#8221; z_index_tablet=&#8221;500&#8243; global_colors_info=&#8221;{}&#8221;][\/et_pb_fullwidth_header][\/et_pb_section][et_pb_section fb_built=&#8221;1&#8243; _builder_version=&#8221;3.22&#8243; _module_preset=&#8221;default&#8221; custom_padding=&#8221;0px|||||&#8221; locked=&#8221;off&#8221; global_colors_info=&#8221;{}&#8221;][et_pb_row column_structure=&#8221;1_2,1_2&#8243; _builder_version=&#8221;4.14.7&#8243; _module_preset=&#8221;default&#8221; global_colors_info=&#8221;{}&#8221;][et_pb_column type=&#8221;1_2&#8243; _builder_version=&#8221;4.14.7&#8243; _module_preset=&#8221;default&#8221; global_colors_info=&#8221;{}&#8221;][et_pb_video src=&#8221;https:\/\/www.youtube.com\/watch?v=XS5rZcF2sv0&#8243; _builder_version=&#8221;4.14.7&#8243; _module_preset=&#8221;default&#8221; global_colors_info=&#8221;{}&#8221;][\/et_pb_video][\/et_pb_column][et_pb_column type=&#8221;1_2&#8243; _builder_version=&#8221;4.14.7&#8243; _module_preset=&#8221;default&#8221; global_colors_info=&#8221;{}&#8221;][et_pb_video src=&#8221;https:\/\/www.youtube.com\/watch?v=sdBHWTYlsdc&#8221; _builder_version=&#8221;4.14.7&#8243; _module_preset=&#8221;default&#8221; global_colors_info=&#8221;{}&#8221;][\/et_pb_video][\/et_pb_column][\/et_pb_row][et_pb_row _builder_version=&#8221;4.14.7&#8243; _module_preset=&#8221;default&#8221;][et_pb_column _builder_version=&#8221;4.14.7&#8243; _module_preset=&#8221;default&#8221; type=&#8221;4_4&#8243;][et_pb_text _builder_version=&#8221;4.14.7&#8243; _module_preset=&#8221;default&#8221; hover_enabled=&#8221;0&#8243; sticky_enabled=&#8221;0&#8243;]<\/p>\n<h2 style=\"text-align: center;\">IRACEMA Digital &amp; AFRICA SOMOS N\u00d3S Participe dessa campanha de apoio aos irm\u00e3os da \u00c1FRICA<\/h2>\n<p>COMO PARTICIPAR? S\u00e3o 10 c\u00f3pias numeradas de 10 OBRAS (fotos de Diviol Rufino, Mission\u00e1rio no Qu\u00eania).<\/p>\n<p>Cada c\u00f3pia custa R$100,00. Enviar o comprovante por whatsapp (99705.4321) com o nome da OBRA ESCOLHIDA ao lado da qual o seu nome (opcional) ser\u00e1 afixado na galeria abaixo.<\/p>\n<h3 style=\"text-align: center;\">MISS\u00c2O CONSOLATA no QU\u00caNIA<br \/>(http:\/\/imc.consolata.org.br\/)<br \/>PIX &#8211; CNPJ: 60.915.477\/0001-29<\/h3>\n<p>A Bugaboo Studio e o IRACEMA Digital lhe enviar\u00e3o o certificado NFT correspondente<\/p>\n<p>[\/et_pb_text][\/et_pb_column][\/et_pb_row][et_pb_row _builder_version=&#8221;4.14.7&#8243; _module_preset=&#8221;default&#8221; global_colors_info=&#8221;{}&#8221;][et_pb_column type=&#8221;4_4&#8243; _builder_version=&#8221;4.14.7&#8243; _module_preset=&#8221;default&#8221; global_colors_info=&#8221;{}&#8221;][et_pb_gallery gallery_ids=&#8221;333,334,335,336,337,338,339,340,341,342,343&#8243; posts_number=&#8221;99&#8243; show_pagination=&#8221;off&#8221; _builder_version=&#8221;4.14.7&#8243; _module_preset=&#8221;default&#8221; global_colors_info=&#8221;{}&#8221;][\/et_pb_gallery][\/et_pb_column][\/et_pb_row][\/et_pb_section][et_pb_section fb_built=&#8221;1&#8243; fullwidth=&#8221;on&#8221; _builder_version=&#8221;3.22&#8243; _module_preset=&#8221;default&#8221; locked=&#8221;off&#8221; global_colors_info=&#8221;{}&#8221;][et_pb_fullwidth_header title=&#8221;SER-T\u00c3O &#8211; por Marcos Vieira&#8221; text_orientation=&#8221;center&#8221; admin_label=&#8221;Data&#8221; _builder_version=&#8221;3.21.4&#8243; _module_preset=&#8221;default&#8221; title_font=&#8221;|800||on|||||&#8221; background_color=&#8221;#1f8967&#8243; custom_margin=&#8221;0px|0px|0px|0px&#8221; custom_padding=&#8221;0px|0px|0px|0px&#8221; z_index_tablet=&#8221;500&#8243; global_colors_info=&#8221;{}&#8221;][\/et_pb_fullwidth_header][\/et_pb_section][et_pb_section fb_built=&#8221;1&#8243; _builder_version=&#8221;3.22&#8243; _module_preset=&#8221;default&#8221; custom_padding=&#8221;0px|||||&#8221; locked=&#8221;off&#8221; global_colors_info=&#8221;{}&#8221;][et_pb_row _builder_version=&#8221;4.14.7&#8243; _module_preset=&#8221;default&#8221; global_colors_info=&#8221;{}&#8221;][et_pb_column type=&#8221;4_4&#8243; _builder_version=&#8221;4.14.7&#8243; _module_preset=&#8221;default&#8221; global_colors_info=&#8221;{}&#8221;][et_pb_video src=&#8221;https:\/\/youtu.be\/ePpPmpe5dVw&#8221; _builder_version=&#8221;4.14.7&#8243; _module_preset=&#8221;default&#8221; global_colors_info=&#8221;{}&#8221;][\/et_pb_video][\/et_pb_column][\/et_pb_row][\/et_pb_section][et_pb_section fb_built=&#8221;1&#8243; fullwidth=&#8221;on&#8221; _builder_version=&#8221;3.22&#8243; _module_preset=&#8221;default&#8221; locked=&#8221;off&#8221; global_colors_info=&#8221;{}&#8221;][et_pb_fullwidth_header title=&#8221;S\u00c9RVULO ESMERALDO &#8211; CINETEATRO S\u00e3o LUIz&#8221; text_orientation=&#8221;center&#8221; admin_label=&#8221;Data&#8221; _builder_version=&#8221;3.21.4&#8243; _module_preset=&#8221;default&#8221; title_font=&#8221;|800||on|||||&#8221; background_color=&#8221;#1f8967&#8243; custom_margin=&#8221;0px|0px|0px|0px&#8221; custom_padding=&#8221;0px|0px|0px|0px&#8221; z_index_tablet=&#8221;500&#8243; global_colors_info=&#8221;{}&#8221;][\/et_pb_fullwidth_header][\/et_pb_section][et_pb_section fb_built=&#8221;1&#8243; _builder_version=&#8221;3.22&#8243; _module_preset=&#8221;default&#8221; custom_padding=&#8221;0px|||||&#8221; locked=&#8221;off&#8221; global_colors_info=&#8221;{}&#8221;][et_pb_row _builder_version=&#8221;4.14.7&#8243; _module_preset=&#8221;default&#8221; global_colors_info=&#8221;{}&#8221;][et_pb_column type=&#8221;4_4&#8243; _builder_version=&#8221;4.14.7&#8243; _module_preset=&#8221;default&#8221; global_colors_info=&#8221;{}&#8221;][et_pb_image src=&#8221;https:\/\/pirambuinnovation.com.br\/3ever\/wp-content\/uploads\/sites\/2\/2022\/02\/thumb-cervulo.jpg&#8221; title_text=&#8221;thumb-cervulo&#8221; url=&#8221;https:\/\/www.cineteatrosaoluiz.com.br\/servulo-esmeraldo-crato-no-mundo&#8221; url_new_window=&#8221;on&#8221; _builder_version=&#8221;4.14.7&#8243; _module_preset=&#8221;default&#8221; global_colors_info=&#8221;{}&#8221;][\/et_pb_image][\/et_pb_column][\/et_pb_row][\/et_pb_section][et_pb_section fb_built=&#8221;1&#8243; fullwidth=&#8221;on&#8221; _builder_version=&#8221;3.22&#8243; _module_preset=&#8221;default&#8221; locked=&#8221;off&#8221; global_colors_info=&#8221;{}&#8221;][et_pb_fullwidth_header title=&#8221;CARLOS D\u00c9CIMO &#8211; MEM\u00d3RIAS&#8221; text_orientation=&#8221;center&#8221; admin_label=&#8221;Data&#8221; _builder_version=&#8221;4.14.7&#8243; _module_preset=&#8221;default&#8221; title_font=&#8221;|800||on|||||&#8221; background_color=&#8221;#1f8967&#8243; custom_margin=&#8221;0px|0px|0px|0px&#8221; custom_padding=&#8221;0px|0px|0px|0px&#8221; z_index_tablet=&#8221;500&#8243; global_colors_info=&#8221;{}&#8221;][\/et_pb_fullwidth_header][\/et_pb_section][et_pb_section fb_built=&#8221;1&#8243; _builder_version=&#8221;3.22&#8243; _module_preset=&#8221;default&#8221; custom_padding=&#8221;0px|||||&#8221; locked=&#8221;off&#8221; global_colors_info=&#8221;{}&#8221;][et_pb_row _builder_version=&#8221;4.14.7&#8243; _module_preset=&#8221;default&#8221; global_colors_info=&#8221;{}&#8221;][et_pb_column type=&#8221;4_4&#8243; _builder_version=&#8221;4.14.7&#8243; _module_preset=&#8221;default&#8221; global_colors_info=&#8221;{}&#8221;][et_pb_image src=&#8221;https:\/\/pirambuinnovation.com.br\/3ever\/wp-content\/uploads\/sites\/2\/2022\/02\/thumb-decimo.jpg&#8221; title_text=&#8221;thumb-decimo&#8221; url=&#8221;https:\/\/metaverso.binaria.art.br\/exposicao\/memorias\/&#8221; url_new_window=&#8221;on&#8221; _builder_version=&#8221;4.14.7&#8243; _module_preset=&#8221;default&#8221; global_colors_info=&#8221;{}&#8221;][\/et_pb_image][\/et_pb_column][\/et_pb_row][\/et_pb_section][et_pb_section fb_built=&#8221;1&#8243; fullwidth=&#8221;on&#8221; _builder_version=&#8221;3.22&#8243; _module_preset=&#8221;default&#8221; locked=&#8221;off&#8221; global_colors_info=&#8221;{}&#8221;][et_pb_fullwidth_header title=&#8221;Cl\u00c1UDIA SAMPAIO &#8211; CASA ATELIER&#8221; text_orientation=&#8221;center&#8221; admin_label=&#8221;Data&#8221; _builder_version=&#8221;3.21.4&#8243; _module_preset=&#8221;default&#8221; title_font=&#8221;|800||on|||||&#8221; background_color=&#8221;#1f8967&#8243; custom_margin=&#8221;0px|0px|0px|0px&#8221; custom_padding=&#8221;0px|0px|0px|0px&#8221; z_index_tablet=&#8221;500&#8243; global_colors_info=&#8221;{}&#8221;][\/et_pb_fullwidth_header][\/et_pb_section][et_pb_section fb_built=&#8221;1&#8243; _builder_version=&#8221;3.22&#8243; _module_preset=&#8221;default&#8221; custom_padding=&#8221;0px|||||&#8221; locked=&#8221;off&#8221; global_colors_info=&#8221;{}&#8221;][et_pb_row _builder_version=&#8221;4.14.7&#8243; _module_preset=&#8221;default&#8221; global_colors_info=&#8221;{}&#8221;][et_pb_column type=&#8221;4_4&#8243; _builder_version=&#8221;4.14.7&#8243; _module_preset=&#8221;default&#8221; global_colors_info=&#8221;{}&#8221;][et_pb_video src=&#8221;https:\/\/www.youtube.com\/watch?v=AmdlIQVdyeE&#8221; _builder_version=&#8221;4.14.7&#8243; _module_preset=&#8221;default&#8221; global_colors_info=&#8221;{}&#8221;][\/et_pb_video][\/et_pb_column][\/et_pb_row][\/et_pb_section][et_pb_section fb_built=&#8221;1&#8243; _builder_version=&#8221;4.14.7&#8243; _module_preset=&#8221;default&#8221; custom_padding=&#8221;0px|||||&#8221; global_colors_info=&#8221;{}&#8221;][et_pb_row _builder_version=&#8221;4.14.7&#8243; _module_preset=&#8221;default&#8221; global_colors_info=&#8221;{}&#8221;][et_pb_column type=&#8221;4_4&#8243; _builder_version=&#8221;4.14.7&#8243; _module_preset=&#8221;default&#8221; global_colors_info=&#8221;{}&#8221;][et_pb_divider _builder_version=&#8221;4.14.7&#8243; _module_preset=&#8221;default&#8221; global_colors_info=&#8221;{}&#8221;][\/et_pb_divider][et_pb_button button_url=&#8221;@ET-DC@eyJkeW5hbWljIjp0cnVlLCJjb250ZW50IjoicG9zdF9saW5rX3VybF9wYWdlIiwic2V0dGluZ3MiOnsicG9zdF9pZCI6Ijk5In19@&#8221; button_text=&#8221;Voltar para o evento&#8221; button_alignment=&#8221;center&#8221; _builder_version=&#8221;4.14.7&#8243; _dynamic_attributes=&#8221;button_url&#8221; _module_preset=&#8221;default&#8221; custom_button=&#8221;on&#8221; button_text_color=&#8221;#FFFFFF&#8221; button_bg_color=&#8221;#E09900&#8243; global_colors_info=&#8221;{}&#8221;][\/et_pb_button][\/et_pb_column][\/et_pb_row][\/et_pb_section]<\/p>\n","protected":false},"excerpt":{"rendered":"<p>IRACEMA Digital &amp; AFRICA SOMOS N\u00d3S Participe dessa campanha de apoio aos irm\u00e3os da \u00c1FRICA COMO PARTICIPAR? S\u00e3o 10 c\u00f3pias numeradas de 10 OBRAS (fotos de Diviol Rufino, Mission\u00e1rio no Qu\u00eania). Cada c\u00f3pia custa R$100,00. Enviar o comprovante por whatsapp (99705.4321) com o nome da OBRA ESCOLHIDA ao lado da qual o seu nome (opcional) [&hellip;]<\/p>\n","protected":false},"author":1,"featured_media":0,"parent":0,"menu_order":0,"comment_status":"closed","ping_status":"closed","template":"","meta":{"_et_pb_use_builder":"on","_et_pb_old_content":"","_et_gb_content_width":"","footnotes":""},"class_list":["post-307","page","type-page","status-publish","hentry"],"yoast_head":"<!-- This site is optimized with the Yoast SEO plugin v26.9 - https:\/\/yoast.com\/product\/yoast-seo-wordpress\/ -->\n<title>Exposi\u00e7\u00f5es - III EVER - Iracema Digital<\/title>\n<meta name=\"robots\" content=\"index, follow, max-snippet:-1, max-image-preview:large, max-video-preview:-1\" \/>\n<link rel=\"canonical\" href=\"https:\/\/pirambuinnovation.com.br\/3ever\/exposicoes\/\" \/>\n<meta property=\"og:locale\" content=\"pt_BR\" \/>\n<meta property=\"og:type\" content=\"article\" \/>\n<meta property=\"og:title\" content=\"Exposi\u00e7\u00f5es - III EVER - Iracema Digital\" \/>\n<meta property=\"og:description\" content=\"IRACEMA Digital &amp; AFRICA SOMOS N\u00d3S Participe dessa campanha de apoio aos irm\u00e3os da \u00c1FRICA COMO PARTICIPAR? S\u00e3o 10 c\u00f3pias numeradas de 10 OBRAS (fotos de Diviol Rufino, Mission\u00e1rio no Qu\u00eania). Cada c\u00f3pia custa R$100,00. Enviar o comprovante por whatsapp (99705.4321) com o nome da OBRA ESCOLHIDA ao lado da qual o seu nome (opcional) [&hellip;]\" \/>\n<meta property=\"og:url\" content=\"https:\/\/pirambuinnovation.com.br\/3ever\/exposicoes\/\" \/>\n<meta property=\"og:site_name\" content=\"III EVER - Iracema Digital\" \/>\n<meta property=\"article:modified_time\" content=\"2022-02-21T23:27:03+00:00\" \/>\n<meta name=\"twitter:card\" content=\"summary_large_image\" \/>\n<meta name=\"twitter:label1\" content=\"Est. tempo de leitura\" \/>\n\t<meta name=\"twitter:data1\" content=\"6 minutos\" \/>\n<script type=\"application\/ld+json\" class=\"yoast-schema-graph\">{\"@context\":\"https:\/\/schema.org\",\"@graph\":[{\"@type\":\"WebPage\",\"@id\":\"https:\/\/pirambuinnovation.com.br\/3ever\/exposicoes\/\",\"url\":\"https:\/\/pirambuinnovation.com.br\/3ever\/exposicoes\/\",\"name\":\"Exposi\u00e7\u00f5es - III EVER - Iracema Digital\",\"isPartOf\":{\"@id\":\"https:\/\/pirambuinnovation.com.br\/3ever\/#website\"},\"datePublished\":\"2022-02-18T19:03:33+00:00\",\"dateModified\":\"2022-02-21T23:27:03+00:00\",\"breadcrumb\":{\"@id\":\"https:\/\/pirambuinnovation.com.br\/3ever\/exposicoes\/#breadcrumb\"},\"inLanguage\":\"pt-BR\",\"potentialAction\":[{\"@type\":\"ReadAction\",\"target\":[\"https:\/\/pirambuinnovation.com.br\/3ever\/exposicoes\/\"]}]},{\"@type\":\"BreadcrumbList\",\"@id\":\"https:\/\/pirambuinnovation.com.br\/3ever\/exposicoes\/#breadcrumb\",\"itemListElement\":[{\"@type\":\"ListItem\",\"position\":1,\"name\":\"In\u00edcio\",\"item\":\"https:\/\/pirambuinnovation.com.br\/3ever\/\"},{\"@type\":\"ListItem\",\"position\":2,\"name\":\"Exposi\u00e7\u00f5es\"}]},{\"@type\":\"WebSite\",\"@id\":\"https:\/\/pirambuinnovation.com.br\/3ever\/#website\",\"url\":\"https:\/\/pirambuinnovation.com.br\/3ever\/\",\"name\":\"III EVER - Iracema Digital\",\"description\":\"III Escola de Ver\u00e3o em Intelig\u00eancia Artificial\",\"potentialAction\":[{\"@type\":\"SearchAction\",\"target\":{\"@type\":\"EntryPoint\",\"urlTemplate\":\"https:\/\/pirambuinnovation.com.br\/3ever\/?s={search_term_string}\"},\"query-input\":{\"@type\":\"PropertyValueSpecification\",\"valueRequired\":true,\"valueName\":\"search_term_string\"}}],\"inLanguage\":\"pt-BR\"}]}<\/script>\n<!-- \/ Yoast SEO plugin. -->","yoast_head_json":{"title":"Exposi\u00e7\u00f5es - III EVER - Iracema Digital","robots":{"index":"index","follow":"follow","max-snippet":"max-snippet:-1","max-image-preview":"max-image-preview:large","max-video-preview":"max-video-preview:-1"},"canonical":"https:\/\/pirambuinnovation.com.br\/3ever\/exposicoes\/","og_locale":"pt_BR","og_type":"article","og_title":"Exposi\u00e7\u00f5es - III EVER - Iracema Digital","og_description":"IRACEMA Digital &amp; AFRICA SOMOS N\u00d3S Participe dessa campanha de apoio aos irm\u00e3os da \u00c1FRICA COMO PARTICIPAR? S\u00e3o 10 c\u00f3pias numeradas de 10 OBRAS (fotos de Diviol Rufino, Mission\u00e1rio no Qu\u00eania). Cada c\u00f3pia custa R$100,00. Enviar o comprovante por whatsapp (99705.4321) com o nome da OBRA ESCOLHIDA ao lado da qual o seu nome (opcional) [&hellip;]","og_url":"https:\/\/pirambuinnovation.com.br\/3ever\/exposicoes\/","og_site_name":"III EVER - Iracema Digital","article_modified_time":"2022-02-21T23:27:03+00:00","twitter_card":"summary_large_image","twitter_misc":{"Est. tempo de leitura":"6 minutos"},"schema":{"@context":"https:\/\/schema.org","@graph":[{"@type":"WebPage","@id":"https:\/\/pirambuinnovation.com.br\/3ever\/exposicoes\/","url":"https:\/\/pirambuinnovation.com.br\/3ever\/exposicoes\/","name":"Exposi\u00e7\u00f5es - III EVER - Iracema Digital","isPartOf":{"@id":"https:\/\/pirambuinnovation.com.br\/3ever\/#website"},"datePublished":"2022-02-18T19:03:33+00:00","dateModified":"2022-02-21T23:27:03+00:00","breadcrumb":{"@id":"https:\/\/pirambuinnovation.com.br\/3ever\/exposicoes\/#breadcrumb"},"inLanguage":"pt-BR","potentialAction":[{"@type":"ReadAction","target":["https:\/\/pirambuinnovation.com.br\/3ever\/exposicoes\/"]}]},{"@type":"BreadcrumbList","@id":"https:\/\/pirambuinnovation.com.br\/3ever\/exposicoes\/#breadcrumb","itemListElement":[{"@type":"ListItem","position":1,"name":"In\u00edcio","item":"https:\/\/pirambuinnovation.com.br\/3ever\/"},{"@type":"ListItem","position":2,"name":"Exposi\u00e7\u00f5es"}]},{"@type":"WebSite","@id":"https:\/\/pirambuinnovation.com.br\/3ever\/#website","url":"https:\/\/pirambuinnovation.com.br\/3ever\/","name":"III EVER - Iracema Digital","description":"III Escola de Ver\u00e3o em Intelig\u00eancia Artificial","potentialAction":[{"@type":"SearchAction","target":{"@type":"EntryPoint","urlTemplate":"https:\/\/pirambuinnovation.com.br\/3ever\/?s={search_term_string}"},"query-input":{"@type":"PropertyValueSpecification","valueRequired":true,"valueName":"search_term_string"}}],"inLanguage":"pt-BR"}]}},"_links":{"self":[{"href":"https:\/\/pirambuinnovation.com.br\/3ever\/wp-json\/wp\/v2\/pages\/307","targetHints":{"allow":["GET"]}}],"collection":[{"href":"https:\/\/pirambuinnovation.com.br\/3ever\/wp-json\/wp\/v2\/pages"}],"about":[{"href":"https:\/\/pirambuinnovation.com.br\/3ever\/wp-json\/wp\/v2\/types\/page"}],"author":[{"embeddable":true,"href":"https:\/\/pirambuinnovation.com.br\/3ever\/wp-json\/wp\/v2\/users\/1"}],"replies":[{"embeddable":true,"href":"https:\/\/pirambuinnovation.com.br\/3ever\/wp-json\/wp\/v2\/comments?post=307"}],"version-history":[{"count":8,"href":"https:\/\/pirambuinnovation.com.br\/3ever\/wp-json\/wp\/v2\/pages\/307\/revisions"}],"predecessor-version":[{"id":348,"href":"https:\/\/pirambuinnovation.com.br\/3ever\/wp-json\/wp\/v2\/pages\/307\/revisions\/348"}],"wp:attachment":[{"href":"https:\/\/pirambuinnovation.com.br\/3ever\/wp-json\/wp\/v2\/media?parent=307"}],"curies":[{"name":"wp","href":"https:\/\/api.w.org\/{rel}","templated":true}]}}