{"id":133,"date":"2022-02-15T13:26:46","date_gmt":"2022-02-15T16:26:46","guid":{"rendered":"https:\/\/iracemadigital.com.br\/3ever\/?page_id=133"},"modified":"2022-02-15T15:32:45","modified_gmt":"2022-02-15T18:32:45","slug":"programacao-completa","status":"publish","type":"page","link":"https:\/\/pirambuinnovation.com.br\/3ever\/programacao-completa\/","title":{"rendered":"Programa\u00e7\u00e3o Completa"},"content":{"rendered":"<p>[et_pb_section fb_built=&#8221;1&#8243; fullwidth=&#8221;on&#8221; module_id=&#8221;topo&#8221; _builder_version=&#8221;4.14.7&#8243; _module_preset=&#8221;default&#8221; z_index_tablet=&#8221;500&#8243; locked=&#8221;off&#8221; global_colors_info=&#8221;{}&#8221;][et_pb_fullwidth_post_title meta=&#8221;off&#8221; featured_image=&#8221;off&#8221; admin_label=&#8221;T\u00edtulo&#8221; _builder_version=&#8221;4.14.7&#8243; _module_preset=&#8221;default&#8221; title_font=&#8221;|800|||||||&#8221; title_text_color=&#8221;#ffffff&#8221; title_font_size=&#8221;40px&#8221; background_image=&#8221;https:\/\/pirambuinnovation.com.br\/3ever\/wp-content\/uploads\/sites\/2\/2022\/02\/Calendars.jpg&#8221; text_orientation=&#8221;right&#8221; custom_margin=&#8221;0px|0px|0px|0px&#8221; custom_padding=&#8221;200px|||&#8221; z_index_tablet=&#8221;500&#8243; text_shadow_style=&#8221;preset5&#8243; text_shadow_blur_strength=&#8221;0.1em&#8221; text_shadow_color=&#8221;#000000&#8243; global_colors_info=&#8221;{}&#8221;][\/et_pb_fullwidth_post_title][\/et_pb_section][et_pb_section fb_built=&#8221;1&#8243; fullwidth=&#8221;on&#8221; _builder_version=&#8221;3.22&#8243; _module_preset=&#8221;default&#8221; locked=&#8221;off&#8221; global_colors_info=&#8221;{}&#8221;][et_pb_fullwidth_header title=&#8221;03 de fevereiro de 2022 &#8211; quinta-feira&#8221; text_orientation=&#8221;center&#8221; admin_label=&#8221;Data&#8221; _builder_version=&#8221;3.21.4&#8243; _module_preset=&#8221;default&#8221; title_font=&#8221;|800||on|||||&#8221; background_color=&#8221;#1f8967&#8243; custom_margin=&#8221;0px|0px|0px|0px&#8221; custom_padding=&#8221;0px|0px|0px|0px&#8221; z_index_tablet=&#8221;500&#8243; global_colors_info=&#8221;{}&#8221;][\/et_pb_fullwidth_header][\/et_pb_section][et_pb_section fb_built=&#8221;1&#8243; _builder_version=&#8221;3.22&#8243; _module_preset=&#8221;default&#8221; locked=&#8221;off&#8221; global_colors_info=&#8221;{}&#8221;][et_pb_row _builder_version=&#8221;4.14.7&#8243; _module_preset=&#8221;default&#8221; custom_padding=&#8221;0px|||||&#8221; global_colors_info=&#8221;{}&#8221;][et_pb_column type=&#8221;4_4&#8243; _builder_version=&#8221;4.14.7&#8243; _module_preset=&#8221;default&#8221; global_colors_info=&#8221;{}&#8221;][et_pb_text _builder_version=&#8221;4.14.7&#8243; _module_preset=&#8221;default&#8221; text_font_size=&#8221;16px&#8221; text_letter_spacing=&#8221;1px&#8221; header_3_font_size=&#8221;16px&#8221; width=&#8221;40%&#8221; module_alignment=&#8221;center&#8221; global_colors_info=&#8221;{}&#8221;]<\/p>\n<div class='et-box et-info'>\n\t\t\t\t\t<div class='et-box-content'>Clique nos temas das salas para acessar o conte\u00fado detalhado da programa\u00e7\u00e3o.<\/div><\/div>\n<p>[\/et_pb_text][\/et_pb_column][\/et_pb_row][et_pb_row _builder_version=&#8221;3.25&#8243; _module_preset=&#8221;default&#8221; background_size=&#8221;initial&#8221; background_position=&#8221;top_left&#8221; background_repeat=&#8221;repeat&#8221; global_colors_info=&#8221;{}&#8221;][et_pb_column type=&#8221;4_4&#8243; _builder_version=&#8221;3.25&#8243; _module_preset=&#8221;default&#8221; custom_padding=&#8221;|||&#8221; global_colors_info=&#8221;{}&#8221; custom_padding__hover=&#8221;|||&#8221;][et_pb_text admin_label=&#8221;Programa\u00e7\u00e3o&#8221; _builder_version=&#8221;4.14.7&#8243; _module_preset=&#8221;default&#8221; link_font=&#8221;||||on|||#ff6e00|solid&#8221; hover_enabled=&#8221;0&#8243; z_index_tablet=&#8221;500&#8243; global_colors_info=&#8221;{}&#8221; sticky_enabled=&#8221;0&#8243;]<\/p>\n<h1 style=\"text-align: center;\"><a href=\"https:\/\/pirambuinnovation.com.br\/3ever\/sala-praia\/#03-manha\"><span style=\"color: #ff6600;\"><strong>MANH\u00c3 &#8211; SALA PRAIA &#8211; TEMA: INTERNACIONALIZA\u00c7\u00c3O<\/strong><\/span><\/a><\/h1>\n<h1><strong>08h-10h<\/strong><\/h1>\n<blockquote>\n<h2>Conex\u00e3o Inteligente Brasil-China<\/h2>\n<ul>\n<li>\n<h4>Boas Vindas<\/h4>\n<\/li>\n<li>\n<h4>Conex\u00e3o Dalian \u2013 Fortaleza<\/h4>\n<\/li>\n<li>\n<h4>Oportunidades de Coopera\u00e7\u00e3o Brasil\u2013China\u2013Macau em Tecnologia<\/h4>\n<\/li>\n<li>\n<h4>A Plataforma de Macau para os Pa\u00edses de L\u00edngua Portuguesa<\/h4>\n<\/li>\n<li>\n<h4>A participa\u00e7\u00e3o cearense no Challenge 928 na China<\/h4>\n<\/li>\n<li>\n<h4>Potencial de coopera\u00e7\u00e3o cient\u00edfica Brasil \u2013 China para tecnologias sociais e da sa\u00fade<\/h4>\n<\/li>\n<li>\n<h4>Papel do Instituto Conf\u00facio na conex\u00e3o Cear\u00e1 \u2013 China<\/h4>\n<\/li>\n<li>\n<h4>Debate e Q&amp;A<\/h4>\n<\/li>\n<\/ul>\n<\/blockquote>\n<h1><strong>10h-12h<\/strong><\/h1>\n<blockquote>\n<h2>What`s up World AI<\/h2>\n<\/blockquote>\n<h1 style=\"text-align: center;\"><a href=\"https:\/\/pirambuinnovation.com.br\/3ever\/sala-sertao\/#03-tarde\"><span style=\"color: #ff6600;\"><strong>TARDE &#8211; SALA SERT\u00c3O &#8211; TEMA: PESQUISA EM IA<\/strong><\/span><\/a><\/h1>\n<h1><strong>13h-13:30<\/strong><\/h1>\n<blockquote>\n<h2>Projetos IFCE<\/h2>\n<\/blockquote>\n<h1><strong>13:30-14h<\/strong><\/h1>\n<blockquote>\n<h2>Projetos UFC<\/h2>\n<\/blockquote>\n<h1><strong>14h-14:30<\/strong><\/h1>\n<blockquote>\n<h2>Projetos UECE<\/h2>\n<\/blockquote>\n<h1><strong>14:30-15h<\/strong><\/h1>\n<blockquote>\n<h2>ARTES<\/h2>\n<\/blockquote>\n<h1><strong>15h-15:30<\/strong><\/h1>\n<blockquote>\n<h2>CRIA &#8211; Centro de Refer\u00eancia em IA<\/h2>\n<\/blockquote>\n<h1><strong>15:30-16h<\/strong><\/h1>\n<blockquote>\n<h2>Projetos Laborat\u00f3rio \u00cdRIS<\/h2>\n<\/blockquote>\n<h1><strong>16:30-17h<\/strong><\/h1>\n<blockquote>\n<h2>Projetos UNIFOR<\/h2>\n<\/blockquote>\n<h1 style=\"text-align: center;\"><a href=\"https:\/\/pirambuinnovation.com.br\/3ever\/sala-mangue\/#03-noite\"><span style=\"color: #ff6600;\"><strong>NOITE &#8211; SALA MANGUE &#8211; TEMA: ECOSSISTEMA DE IA NO CEAR\u00c1<\/strong><\/span><\/a><\/h1>\n<h1><strong>19h-20h<\/strong><\/h1>\n<blockquote>\n<h2><strong>Abertura<\/strong><\/h2>\n<\/blockquote>\n<h1><strong>20h-21h<\/strong><\/h1>\n<blockquote>\n<h2>Palestra Magna<\/h2>\n<\/blockquote>\n<h1><strong>21h \u2013 21h<br \/><\/strong><\/h1>\n<blockquote>\n<h2>Apresenta\u00e7\u00e3o do Metaverso IRACEMA<\/h2>\n<\/blockquote>\n<p>[\/et_pb_text][\/et_pb_column][\/et_pb_row][\/et_pb_section][et_pb_section fb_built=&#8221;1&#8243; fullwidth=&#8221;on&#8221; _builder_version=&#8221;3.22&#8243; _module_preset=&#8221;default&#8221; locked=&#8221;off&#8221; global_colors_info=&#8221;{}&#8221;][et_pb_fullwidth_header title=&#8221;04 de fevereiro de 2022 &#8211; SEXTA-feira&#8221; text_orientation=&#8221;center&#8221; admin_label=&#8221;Data&#8221; _builder_version=&#8221;3.21.4&#8243; _module_preset=&#8221;default&#8221; title_font=&#8221;|800||on|||||&#8221; background_color=&#8221;#1f8967&#8243; custom_margin=&#8221;0px|0px|0px|0px&#8221; custom_padding=&#8221;0px|0px|0px|0px&#8221; z_index_tablet=&#8221;500&#8243; global_colors_info=&#8221;{}&#8221;][\/et_pb_fullwidth_header][\/et_pb_section][et_pb_section fb_built=&#8221;1&#8243; _builder_version=&#8221;3.22&#8243; _module_preset=&#8221;default&#8221; locked=&#8221;off&#8221; global_colors_info=&#8221;{}&#8221;][et_pb_row _builder_version=&#8221;4.14.7&#8243; _module_preset=&#8221;default&#8221; custom_padding=&#8221;0px|||||&#8221; global_colors_info=&#8221;{}&#8221;][et_pb_column type=&#8221;4_4&#8243; _builder_version=&#8221;4.14.7&#8243; _module_preset=&#8221;default&#8221; global_colors_info=&#8221;{}&#8221;][et_pb_text _builder_version=&#8221;4.14.7&#8243; _module_preset=&#8221;default&#8221; text_font_size=&#8221;16px&#8221; text_letter_spacing=&#8221;1px&#8221; header_3_font_size=&#8221;16px&#8221; width=&#8221;40%&#8221; module_alignment=&#8221;center&#8221; global_colors_info=&#8221;{}&#8221;]<\/p>\n<div class='et-box et-info'>\n\t\t\t\t\t<div class='et-box-content'>Clique nos temas das salas para acessar o conte\u00fado detalhado da programa\u00e7\u00e3o.<\/div><\/div>\n<p>[\/et_pb_text][\/et_pb_column][\/et_pb_row][et_pb_row _builder_version=&#8221;3.25&#8243; _module_preset=&#8221;default&#8221; background_size=&#8221;initial&#8221; background_position=&#8221;top_left&#8221; background_repeat=&#8221;repeat&#8221; global_colors_info=&#8221;{}&#8221;][et_pb_column type=&#8221;4_4&#8243; _builder_version=&#8221;3.25&#8243; _module_preset=&#8221;default&#8221; custom_padding=&#8221;|||&#8221; global_colors_info=&#8221;{}&#8221; custom_padding__hover=&#8221;|||&#8221;][et_pb_text admin_label=&#8221;Programa\u00e7\u00e3o&#8221; _builder_version=&#8221;4.14.7&#8243; _module_preset=&#8221;default&#8221; link_font=&#8221;||||on|||#ff6e00|solid&#8221; hover_enabled=&#8221;0&#8243; z_index_tablet=&#8221;500&#8243; global_colors_info=&#8221;{}&#8221; sticky_enabled=&#8221;0&#8243;]<\/p>\n<h1 style=\"text-align: center;\"><a href=\"https:\/\/pirambuinnovation.com.br\/3ever\/sala-sertao\/#04-manha\"><span style=\"color: #ff6600;\"><strong>MANH\u00c3 &#8211; SALA SERT\u00c3O &#8211; TEMA: PR\u00c1TICAS INOVADORAS EM IA<\/strong><\/span><\/a><\/h1>\n<h1><strong>8h-8:30<\/strong><\/h1>\n<blockquote>\n<h2>Palestra de abertura<\/h2>\n<\/blockquote>\n<h1><strong>8:30-8:50<\/strong><\/h1>\n<blockquote>\n<h2>Regi\u00e3o Sul<\/h2>\n<\/blockquote>\n<h1><strong>8:50-9:20<\/strong><\/h1>\n<blockquote>\n<h2>Litoral Leste<\/h2>\n<\/blockquote>\n<h1><strong>9:20-10h<\/strong><\/h1>\n<blockquote>\n<h2>Regi\u00e3o Norte<\/h2>\n<\/blockquote>\n<h1><strong>10h-10:30<\/strong><\/h1>\n<blockquote>\n<h2>ARTES<\/h2>\n<\/blockquote>\n<h1><strong>10:30-11h<\/strong><\/h1>\n<blockquote>\n<h2>Sert\u00e3o Central<\/h2>\n<\/blockquote>\n<h1><strong>11h-11:20<\/strong><\/h1>\n<blockquote>\n<h2>Grande Fortaleza<\/h2>\n<\/blockquote>\n<h1><strong>11:20-12h<\/strong><\/h1>\n<blockquote>\n<h2>Programa Juventude Digital<\/h2>\n<\/blockquote>\n<h1 style=\"text-align: center;\"><a href=\"https:\/\/pirambuinnovation.com.br\/3ever\/sala-serra\/#04-tarde\"><span style=\"color: #ff6600;\"><strong>TARDE &#8211; SALA SERRA &#8211; TEMA: PITCHS EM IA<\/strong><\/span><\/a><\/h1>\n<h1><strong>13h-13:50<\/strong><\/h1>\n<blockquote>\n<h2>Lideran\u00e7as Jovens<\/h2>\n<\/blockquote>\n<h1><strong>13:50-14:40<\/strong><\/h1>\n<blockquote>\n<h2>Pitchs de Startups<\/h2>\n<\/blockquote>\n<h1><strong>14:40-14:50<\/strong><\/h1>\n<blockquote>\n<h2>ARTES<\/h2>\n<\/blockquote>\n<h1><strong>14:50-16h<\/strong><\/h1>\n<blockquote>\n<h2>Mostra das Empresas<\/h2>\n<\/blockquote>\n<h1><strong>16h-17h<\/strong><\/h1>\n<blockquote>\n<h2>Hubs de Inova\u00e7\u00e3o<\/h2>\n<\/blockquote>\n<h1><strong>17h-18h<\/strong><\/h1>\n<blockquote>\n<h2>II Encontro de Hubs de Inova\u00e7\u00e3o de TICs do Cear\u00e1<\/h2>\n<\/blockquote>\n<h1 style=\"text-align: center;\"><a href=\"https:\/\/pirambuinnovation.com.br\/3ever\/sala-mangue\/#04-noite\"><span style=\"color: #ff6600;\"><strong>NOITE &#8211; SALA MANGUE &#8211; TEMA: &#8220;RIOS, PONTES E OVERDRIVES&#8221;<\/strong><\/span><\/a><\/h1>\n<p>&nbsp;<\/p>\n<h1><strong>18h-19h<\/strong><\/h1>\n<blockquote>\n<h2>Versos, Universos e Metaversos<\/h2>\n<\/blockquote>\n<h1><strong>19h-20h<\/strong><\/h1>\n<blockquote>\n<h2>Mercado de IA<\/h2>\n<\/blockquote>\n<h1><strong>20h-21h<\/strong><\/h1>\n<blockquote>\n<h2>Uma Perspectiva Algo Filos\u00f3fica da IA no Planeta Terra<\/h2>\n<\/blockquote>\n<h1><strong>21h-21:40<\/strong><\/h1>\n<blockquote>\n<h2>IA e profiling: oportunidades e desafios sob a \u00f3tica da LGPD<\/h2>\n<\/blockquote>\n<h1><strong>21:40<\/strong><\/h1>\n<blockquote>\n<h2>Happy Hour &#8211; IRACEMA CAIS BAR<\/h2>\n<\/blockquote>\n<p>[\/et_pb_text][\/et_pb_column][\/et_pb_row][\/et_pb_section][et_pb_section fb_built=&#8221;1&#8243; fullwidth=&#8221;on&#8221; _builder_version=&#8221;3.22&#8243; _module_preset=&#8221;default&#8221; locked=&#8221;off&#8221; global_colors_info=&#8221;{}&#8221;][et_pb_fullwidth_header title=&#8221;05 de fevereiro de 2022 &#8211; S\u00c1BADO&#8221; text_orientation=&#8221;center&#8221; admin_label=&#8221;Data&#8221; _builder_version=&#8221;3.21.4&#8243; _module_preset=&#8221;default&#8221; title_font=&#8221;|800||on|||||&#8221; background_color=&#8221;#1f8967&#8243; custom_margin=&#8221;0px|0px|0px|0px&#8221; custom_padding=&#8221;0px|0px|0px|0px&#8221; z_index_tablet=&#8221;500&#8243; global_colors_info=&#8221;{}&#8221;][\/et_pb_fullwidth_header][\/et_pb_section][et_pb_section fb_built=&#8221;1&#8243; _builder_version=&#8221;3.22&#8243; _module_preset=&#8221;default&#8221; locked=&#8221;off&#8221; global_colors_info=&#8221;{}&#8221;][et_pb_row _builder_version=&#8221;4.14.7&#8243; _module_preset=&#8221;default&#8221; custom_padding=&#8221;0px|||||&#8221; global_colors_info=&#8221;{}&#8221;][et_pb_column type=&#8221;4_4&#8243; _builder_version=&#8221;4.14.7&#8243; _module_preset=&#8221;default&#8221; global_colors_info=&#8221;{}&#8221;][et_pb_text _builder_version=&#8221;4.14.7&#8243; _module_preset=&#8221;default&#8221; text_font_size=&#8221;16px&#8221; text_letter_spacing=&#8221;1px&#8221; header_3_font_size=&#8221;16px&#8221; width=&#8221;40%&#8221; module_alignment=&#8221;center&#8221; global_colors_info=&#8221;{}&#8221;]<\/p>\n<div class='et-box et-info'>\n\t\t\t\t\t<div class='et-box-content'>Clique nos temas das salas para acessar o conte\u00fado detalhado da programa\u00e7\u00e3o.<\/div><\/div>\n<p>[\/et_pb_text][\/et_pb_column][\/et_pb_row][et_pb_row _builder_version=&#8221;3.25&#8243; _module_preset=&#8221;default&#8221; background_size=&#8221;initial&#8221; background_position=&#8221;top_left&#8221; background_repeat=&#8221;repeat&#8221; global_colors_info=&#8221;{}&#8221;][et_pb_column type=&#8221;4_4&#8243; _builder_version=&#8221;3.25&#8243; _module_preset=&#8221;default&#8221; custom_padding=&#8221;|||&#8221; global_colors_info=&#8221;{}&#8221; custom_padding__hover=&#8221;|||&#8221;][et_pb_text admin_label=&#8221;Programa\u00e7\u00e3o&#8221; _builder_version=&#8221;4.14.7&#8243; _module_preset=&#8221;default&#8221; link_font=&#8221;||||on|||#ff6e00|solid&#8221; hover_enabled=&#8221;0&#8243; z_index_tablet=&#8221;500&#8243; global_colors_info=&#8221;{}&#8221; sticky_enabled=&#8221;0&#8243;]<\/p>\n<h1 style=\"text-align: center;\"><a href=\"https:\/\/pirambuinnovation.com.br\/3ever\/sala-serra\/#05-manha\"><span style=\"color: #ff6600;\"><strong>MANH\u00c3 &#8211; SALA SERRA &#8211; TEMA: SA\u00daDE DIGITAL<\/strong><\/span><\/a><\/h1>\n<h1><strong>8h-9h<\/strong><\/h1>\n<blockquote>\n<h2>Palestra de Abertura: Laborat\u00f3rio Larissa<\/h2>\n<\/blockquote>\n<h1><strong>9h-9:40<\/strong><\/h1>\n<blockquote>\n<h2>Smart GISSA, uma plataforma inteligente de Sa\u00fade Digital<\/h2>\n<\/blockquote>\n<h1><strong>9:40-10:20h<\/strong><\/h1>\n<blockquote>\n<h2>Projeto FIOCRUZ &#8211; Jogo em VR para pacientes p\u00f3s AVC (Marcos Lorenzoni)<\/h2>\n<\/blockquote>\n<h1><strong>10:20-11h<\/strong><\/h1>\n<blockquote>\n<h2>Felicilab \u2013 Laborat\u00f3rio de Inova\u00e7\u00e3o do SUS \u2013 ESP<\/h2>\n<\/blockquote>\n<h1><strong>11h-11:40h<\/strong><\/h1>\n<blockquote>\n<h2>Blockchain em Sa\u00fade<\/h2>\n<\/blockquote>\n<h1><strong>11:40h-12:10h<\/strong><\/h1>\n<blockquote>\n<h2>Mas o que \u00e9 mesmo esse tal de Metaverso?<\/h2>\n<\/blockquote>\n<h1 style=\"text-align: center;\"><a href=\"https:\/\/pirambuinnovation.com.br\/3ever\/sala-praia\/#05-tarde\"><span style=\"color: #ff6600;\"><strong>TARDE &#8211; SALA PRAIA &#8211; TEMA: TRANSFORMA\u00c7\u00c3O DIGITAL NO CEAR\u00c1<\/strong><\/span><\/a><\/h1>\n<h1><strong>13h-13:30<\/strong><\/h1>\n<blockquote>\n<h2>Plataforma REVIVE NEG\u00d3CIO \u2013 SEDET\/Aracati Digital<\/h2>\n<\/blockquote>\n<h1><strong>13:30-14h<\/strong><\/h1>\n<blockquote>\n<h2>Corredores Digitais \u2013 SECITECE<\/h2>\n<\/blockquote>\n<h1><strong>14h-14:30h<\/strong><\/h1>\n<blockquote>\n<h2>Projeto C-JOVEM \u2013 IFCE<\/h2>\n<\/blockquote>\n<h1><strong>14:30-15h<\/strong><\/h1>\n<blockquote>\n<h2>NINHO de desenvolvedores de Caucaia<\/h2>\n<\/blockquote>\n<h1><strong>15h-15:30<\/strong><\/h1>\n<blockquote>\n<h2>ARTES<\/h2>\n<\/blockquote>\n<h1><strong>15:30-16h<\/strong><\/h1>\n<blockquote>\n<h2>Projeto PRAIA \u2013 Instituto Atl\u00e2ntico<\/h2>\n<\/blockquote>\n<h1><strong>16h-16:30h<\/strong><\/h1>\n<blockquote>\n<h2>Observat\u00f3rio da Ind\u00fastria \u2013\u00a0 FIEC<\/h2>\n<\/blockquote>\n<h1><strong>16:30-17h<\/strong><\/h1>\n<blockquote>\n<h2>Habitat de Inova\u00e7\u00e3o SEBRAE<\/h2>\n<\/blockquote>\n<h1><strong>16:30-17h<\/strong><\/h1>\n<blockquote>\n<h2>Oportunidades e Risco do Investimento Anjo<\/h2>\n<\/blockquote>\n<h1 style=\"text-align: center;\"><a href=\"https:\/\/pirambuinnovation.com.br\/3ever\/sala-mangue\/#05-noite\"><span style=\"color: #ff6600;\"><strong>NOITE &#8211; SALA MANGUE &#8211; TEMA: 2022 &#8220;O ANO EM QUE FAREMOS CONTATO&#8221;<\/strong><\/span><\/a><\/h1>\n<blockquote>\n<h2>ARTES<\/h2>\n<\/blockquote>\n<h1><strong>19h-21h<\/strong><\/h1>\n<blockquote>\n<h2>Encerramento<\/h2>\n<\/blockquote>\n<blockquote>\n<h2>Assinatura do conv\u00eanio IFCE\/ Instituto Myra Eliane\/ IRACEMA Digital<\/h2>\n<\/blockquote>\n<blockquote>\n<h2>Apresenta\u00e7\u00e3o do edital CITINOVA<\/h2>\n<\/blockquote>\n<blockquote>\n<h2>Entrega da comenda IRACEMA DE OURO<\/h2>\n<\/blockquote>\n<h1><strong>21h<\/strong><\/h1>\n<blockquote>\n<h2>ARTES \u2013 \u00a0Lan\u00e7amento do \u00e1lbum S\u00c1BADO EM MARTE<\/h2>\n<\/blockquote>\n<p>[\/et_pb_text][\/et_pb_column][\/et_pb_row][\/et_pb_section]<\/p>\n","protected":false},"excerpt":{"rendered":"<p><div class='et-box et-info'>\n\t\t\t\t\t<div class='et-box-content'>Clique nos temas das salas para acessar o conte\u00fado detalhado da programa\u00e7\u00e3o.<\/div><\/div>MANH\u00c3 &#8211; SALA PRAIA &#8211; TEMA: INTERNACIONALIZA\u00c7\u00c3O 08h-10h Conex\u00e3o Inteligente Brasil-China Boas Vindas Conex\u00e3o Dalian \u2013 Fortaleza Oportunidades de Coopera\u00e7\u00e3o Brasil\u2013China\u2013Macau em Tecnologia A Plataforma de Macau para os Pa\u00edses de L\u00edngua Portuguesa A participa\u00e7\u00e3o cearense no Challenge 928 na China Potencial [&hellip;]<\/p>\n","protected":false},"author":1,"featured_media":0,"parent":0,"menu_order":0,"comment_status":"closed","ping_status":"closed","template":"","meta":{"_et_pb_use_builder":"on","_et_pb_old_content":"","_et_gb_content_width":"","footnotes":""},"class_list":["post-133","page","type-page","status-publish","hentry"],"yoast_head":"<!-- This site is optimized with the Yoast SEO plugin v26.9 - https:\/\/yoast.com\/product\/yoast-seo-wordpress\/ -->\n<title>Programa\u00e7\u00e3o Completa - III EVER - Iracema Digital<\/title>\n<meta name=\"robots\" content=\"index, follow, max-snippet:-1, max-image-preview:large, max-video-preview:-1\" \/>\n<link rel=\"canonical\" href=\"https:\/\/pirambuinnovation.com.br\/3ever\/programacao-completa\/\" \/>\n<meta property=\"og:locale\" content=\"pt_BR\" \/>\n<meta property=\"og:type\" content=\"article\" \/>\n<meta property=\"og:title\" content=\"Programa\u00e7\u00e3o Completa - III EVER - Iracema Digital\" \/>\n<meta property=\"og:description\" content=\"MANH\u00c3 - SALA PRAIA - TEMA: INTERNACIONALIZA\u00c7\u00c3O 08h-10h Conex\u00e3o Inteligente Brasil-China Boas Vindas Conex\u00e3o Dalian \u2013 Fortaleza Oportunidades de Coopera\u00e7\u00e3o Brasil\u2013China\u2013Macau em Tecnologia A Plataforma de Macau para os Pa\u00edses de L\u00edngua Portuguesa A participa\u00e7\u00e3o cearense no Challenge 928 na China Potencial [&hellip;]\" \/>\n<meta property=\"og:url\" content=\"https:\/\/pirambuinnovation.com.br\/3ever\/programacao-completa\/\" \/>\n<meta property=\"og:site_name\" content=\"III EVER - Iracema Digital\" \/>\n<meta property=\"article:modified_time\" content=\"2022-02-15T18:32:45+00:00\" \/>\n<meta name=\"twitter:card\" content=\"summary_large_image\" \/>\n<meta name=\"twitter:label1\" content=\"Est. tempo de leitura\" \/>\n\t<meta name=\"twitter:data1\" content=\"7 minutos\" \/>\n<script type=\"application\/ld+json\" class=\"yoast-schema-graph\">{\"@context\":\"https:\/\/schema.org\",\"@graph\":[{\"@type\":\"WebPage\",\"@id\":\"https:\/\/pirambuinnovation.com.br\/3ever\/programacao-completa\/\",\"url\":\"https:\/\/pirambuinnovation.com.br\/3ever\/programacao-completa\/\",\"name\":\"Programa\u00e7\u00e3o Completa - III EVER - Iracema Digital\",\"isPartOf\":{\"@id\":\"https:\/\/pirambuinnovation.com.br\/3ever\/#website\"},\"datePublished\":\"2022-02-15T16:26:46+00:00\",\"dateModified\":\"2022-02-15T18:32:45+00:00\",\"breadcrumb\":{\"@id\":\"https:\/\/pirambuinnovation.com.br\/3ever\/programacao-completa\/#breadcrumb\"},\"inLanguage\":\"pt-BR\",\"potentialAction\":[{\"@type\":\"ReadAction\",\"target\":[\"https:\/\/pirambuinnovation.com.br\/3ever\/programacao-completa\/\"]}]},{\"@type\":\"BreadcrumbList\",\"@id\":\"https:\/\/pirambuinnovation.com.br\/3ever\/programacao-completa\/#breadcrumb\",\"itemListElement\":[{\"@type\":\"ListItem\",\"position\":1,\"name\":\"In\u00edcio\",\"item\":\"https:\/\/pirambuinnovation.com.br\/3ever\/\"},{\"@type\":\"ListItem\",\"position\":2,\"name\":\"Programa\u00e7\u00e3o Completa\"}]},{\"@type\":\"WebSite\",\"@id\":\"https:\/\/pirambuinnovation.com.br\/3ever\/#website\",\"url\":\"https:\/\/pirambuinnovation.com.br\/3ever\/\",\"name\":\"III EVER - Iracema Digital\",\"description\":\"III Escola de Ver\u00e3o em Intelig\u00eancia Artificial\",\"potentialAction\":[{\"@type\":\"SearchAction\",\"target\":{\"@type\":\"EntryPoint\",\"urlTemplate\":\"https:\/\/pirambuinnovation.com.br\/3ever\/?s={search_term_string}\"},\"query-input\":{\"@type\":\"PropertyValueSpecification\",\"valueRequired\":true,\"valueName\":\"search_term_string\"}}],\"inLanguage\":\"pt-BR\"}]}<\/script>\n<!-- \/ Yoast SEO plugin. -->","yoast_head_json":{"title":"Programa\u00e7\u00e3o Completa - III EVER - Iracema Digital","robots":{"index":"index","follow":"follow","max-snippet":"max-snippet:-1","max-image-preview":"max-image-preview:large","max-video-preview":"max-video-preview:-1"},"canonical":"https:\/\/pirambuinnovation.com.br\/3ever\/programacao-completa\/","og_locale":"pt_BR","og_type":"article","og_title":"Programa\u00e7\u00e3o Completa - III EVER - Iracema Digital","og_description":"MANH\u00c3 - SALA PRAIA - TEMA: INTERNACIONALIZA\u00c7\u00c3O 08h-10h Conex\u00e3o Inteligente Brasil-China Boas Vindas Conex\u00e3o Dalian \u2013 Fortaleza Oportunidades de Coopera\u00e7\u00e3o Brasil\u2013China\u2013Macau em Tecnologia A Plataforma de Macau para os Pa\u00edses de L\u00edngua Portuguesa A participa\u00e7\u00e3o cearense no Challenge 928 na China Potencial [&hellip;]","og_url":"https:\/\/pirambuinnovation.com.br\/3ever\/programacao-completa\/","og_site_name":"III EVER - Iracema Digital","article_modified_time":"2022-02-15T18:32:45+00:00","twitter_card":"summary_large_image","twitter_misc":{"Est. tempo de leitura":"7 minutos"},"schema":{"@context":"https:\/\/schema.org","@graph":[{"@type":"WebPage","@id":"https:\/\/pirambuinnovation.com.br\/3ever\/programacao-completa\/","url":"https:\/\/pirambuinnovation.com.br\/3ever\/programacao-completa\/","name":"Programa\u00e7\u00e3o Completa - III EVER - Iracema Digital","isPartOf":{"@id":"https:\/\/pirambuinnovation.com.br\/3ever\/#website"},"datePublished":"2022-02-15T16:26:46+00:00","dateModified":"2022-02-15T18:32:45+00:00","breadcrumb":{"@id":"https:\/\/pirambuinnovation.com.br\/3ever\/programacao-completa\/#breadcrumb"},"inLanguage":"pt-BR","potentialAction":[{"@type":"ReadAction","target":["https:\/\/pirambuinnovation.com.br\/3ever\/programacao-completa\/"]}]},{"@type":"BreadcrumbList","@id":"https:\/\/pirambuinnovation.com.br\/3ever\/programacao-completa\/#breadcrumb","itemListElement":[{"@type":"ListItem","position":1,"name":"In\u00edcio","item":"https:\/\/pirambuinnovation.com.br\/3ever\/"},{"@type":"ListItem","position":2,"name":"Programa\u00e7\u00e3o Completa"}]},{"@type":"WebSite","@id":"https:\/\/pirambuinnovation.com.br\/3ever\/#website","url":"https:\/\/pirambuinnovation.com.br\/3ever\/","name":"III EVER - Iracema Digital","description":"III Escola de Ver\u00e3o em Intelig\u00eancia Artificial","potentialAction":[{"@type":"SearchAction","target":{"@type":"EntryPoint","urlTemplate":"https:\/\/pirambuinnovation.com.br\/3ever\/?s={search_term_string}"},"query-input":{"@type":"PropertyValueSpecification","valueRequired":true,"valueName":"search_term_string"}}],"inLanguage":"pt-BR"}]}},"_links":{"self":[{"href":"https:\/\/pirambuinnovation.com.br\/3ever\/wp-json\/wp\/v2\/pages\/133","targetHints":{"allow":["GET"]}}],"collection":[{"href":"https:\/\/pirambuinnovation.com.br\/3ever\/wp-json\/wp\/v2\/pages"}],"about":[{"href":"https:\/\/pirambuinnovation.com.br\/3ever\/wp-json\/wp\/v2\/types\/page"}],"author":[{"embeddable":true,"href":"https:\/\/pirambuinnovation.com.br\/3ever\/wp-json\/wp\/v2\/users\/1"}],"replies":[{"embeddable":true,"href":"https:\/\/pirambuinnovation.com.br\/3ever\/wp-json\/wp\/v2\/comments?post=133"}],"version-history":[{"count":3,"href":"https:\/\/pirambuinnovation.com.br\/3ever\/wp-json\/wp\/v2\/pages\/133\/revisions"}],"predecessor-version":[{"id":301,"href":"https:\/\/pirambuinnovation.com.br\/3ever\/wp-json\/wp\/v2\/pages\/133\/revisions\/301"}],"wp:attachment":[{"href":"https:\/\/pirambuinnovation.com.br\/3ever\/wp-json\/wp\/v2\/media?parent=133"}],"curies":[{"name":"wp","href":"https:\/\/api.w.org\/{rel}","templated":true}]}}